{"id":1973,"date":"2020-06-26T11:41:45","date_gmt":"2020-06-26T09:41:45","guid":{"rendered":"https:\/\/preprod.toray-cfe.com\/quest-ce-que-la-fibre-de-carbone\/"},"modified":"2021-05-26T11:18:57","modified_gmt":"2021-05-26T09:18:57","slug":"was-ist-kohlefaser","status":"publish","type":"page","link":"https:\/\/toray-cfe.com\/de\/was-ist-kohlefaser\/","title":{"rendered":"Was ist Kohlefaser?"},"content":{"rendered":"<div class=\"wpb-content-wrapper\"><p>[vc_row css_animation=&#8220;&#8220; row_type=&#8220;row&#8220; use_row_as_full_screen_section=&#8220;no&#8220; type=&#8220;full_width&#8220; angled_section=&#8220;no&#8220; text_align=&#8220;left&#8220; background_image_as_pattern=&#8220;without_pattern&#8220; el_class=&#8220;padding-content&#8220; z_index=&#8220;&#8220;][vc_column][vc_column_text el_class=&#8220;fil-ariane&#8220;]<span><span><a href=\"https:\/\/toray-cfe.com\/de\/\">Startseite<\/a><\/span><\/span>[\/vc_column_text][\/vc_column][\/vc_row][vc_row css_animation=&#8220;&#8220; row_type=&#8220;row&#8220; use_row_as_full_screen_section=&#8220;no&#8220; type=&#8220;full_width&#8220; angled_section=&#8220;no&#8220; text_align=&#8220;left&#8220; background_image_as_pattern=&#8220;without_pattern&#8220; el_class=&#8220;padding-content solution-page-enfant histoire-content&#8220; z_index=&#8220;&#8220;][vc_column width=&#8220;2\/3&#8243;][vc_column_text]<\/p>\n<h1>Was ist Kohlenstofffaser?<\/h1>\n<p>[\/vc_column_text][vc_row_inner row_type=&#8220;row&#8220; type=&#8220;full_width&#8220; text_align=&#8220;left&#8220; css_animation=&#8220;&#8220; el_class=&#8220;solution-intro histoire&#8220;][vc_column_inner][vc_column_text]Kohlenstofffaser besteht aus extrem d\u00fcnnen Filamenten im Durchmesser von 5 bis 7 Mikrometern. Mehr als 90 % dieser Kohlenstoff-Filamente bestehen aus Kohlenstoffatomen, der Rest haupts\u00e4chlich aus Stickstoffatomen. Die Kohlenstoffatome bilden kristallin angeordnete, graphitische Ebenen.[\/vc_column_text][vc_single_image image=&#8220;1517&#8243; img_size=&#8220;full&#8220; qode_css_animation=&#8220;&#8220;][\/vc_column_inner][\/vc_row_inner]<div class=\"qode-accordion-holder clearfix qode-toggle qode-initial \">\n\t<h2 class=\"clearfix qode-title-holder\">\n<span class=\"qode-tab-title\">\n\t    <span class=\"qode-tab-title-inner\">\n        Wie wird Torayca\u00ae-Kohlenstofffaser hergestellt?    <\/span>\n<\/span>\n<span class=\"qode-accordion-mark\">\n    <span class=\"qode-accordion-mark-icon\">\n        <span class=\"icon_plus\"><\/span>\n        <span class=\"icon_minus-06\"><\/span>\n    <\/span>\n<\/span>\n<\/h2>\n<div  class=\"qode-accordion-content  \" >\n    <div class=\"qode-accordion-content-inner\">\n        [vc_column_text el_class=&#8220;histoire-sites justify&#8220;]Die Torayca\u00ae-Kohlenstofffaser wird aus Polyacrylnitril (PAN)-Faser hergestellt. Diese PAN-Fasern werden durch Polymerisation, Spinnen und anschlie\u00dfendes Verstrecken des Polymers gewonnen. Die dabei entstehenden Polymerketten sind in Richtung der Filamentachse ausgerichtet, was f\u00fcr die Eigenschaften der Kohlenstofffaser ausschlaggebend ist.<\/p>\n<ul>\n<li>Der erste Schritt im Karbonisierungsverfahren, die sogenannte Oxidation, dient dazu, die Polyacrylnitrilfaser unbrennbar zu machen. Die Oxidation erfolgt zwischen 200 und 300\u00b0C. W\u00e4hrend dieses Stadiums wird durch die Fadenspannung die Ausrichtung der Polymerketten beibehalten.<\/li>\n<li>Der n\u00e4chste Schritt, auch Karbonisierung genannt, besteht darin, die Kohlenstoffatome zu extrahieren. Bei Temperaturen von ca. 1.500\u00b0C reagiert die oxidierte Polyacrylnitrilfaser unter Schutzgasatmosph\u00e4re unter Bildung der charakteristischen Graphitebenen der Kohlenstofffaser.<\/li>\n<li>Die Kohlenstofffaser kann ggf. einer zweiten W\u00e4rmebehandlung bei Temperaturen \u00fcber 2.000\u00b0C unterzogen werden, um ihre kristalline Struktur so zu ver\u00e4ndern, dass <a href=\"https:\/\/toray-cfe.com\/de\/produkte\/torayca-kohlenstofffasern\/\">hochmodulige Kohlenstofffasern entstehen<\/a>.<\/li>\n<li>Anschlie\u00dfend wird die Kohlenstofffaser einer Oberfl\u00e4chenbehandlung unterzogen: der chemischen Elektrolyse. Sie erm\u00f6glicht das Aufpfropfen von Sauerstoffgruppen auf die Oberfl\u00e4che der Filamente. Diese reaktiven Gruppen werden anschlie\u00dfend mit der Schlichte reagieren. Durch die Schlichtbehandlung kann die Faser mit der Polymermatrix des Verbundstoffes reagieren. Diese Reaktion erm\u00f6glicht eine optimale Verarbeitung f\u00fcr die jeweilige Applikation.<\/li>\n<\/ul>\n<p>[\/vc_column_text][vc_single_image image=&#8220;2488&#8243; img_size=&#8220;full&#8220; alignment=&#8220;center&#8220; qode_css_animation=&#8220;&#8220;]    <\/div>\n<\/div><h2 class=\"clearfix qode-title-holder\">\n<span class=\"qode-tab-title\">\n\t    <span class=\"qode-tab-title-inner\">\n        Welches sind die Eigenschaften von Kohlenstofffaser?    <\/span>\n<\/span>\n<span class=\"qode-accordion-mark\">\n    <span class=\"qode-accordion-mark-icon\">\n        <span class=\"icon_plus\"><\/span>\n        <span class=\"icon_minus-06\"><\/span>\n    <\/span>\n<\/span>\n<\/h2>\n<div  class=\"qode-accordion-content  \" >\n    <div class=\"qode-accordion-content-inner\">\n        [vc_column_text el_class=&#8220;listing-h3-arrow&#8220;]<\/p>\n<h3>Leichtgewichtigkeit:<\/h3>\n<p>Kohlenstofffaser ist leicht, weil Kohlenstoffatome eine sehr niedrige Atommasse haben. Dar\u00fcber hinaus bewirkt die kristallin organisierte chemische Struktur in graphitischen Ebenen gro\u00dfe Abst\u00e4nde zwischen den Kohlenstoffatomen.[\/vc_column_text][vc_column_text el_class=&#8220;listing-h3-arrow&#8220;]<\/p>\n<h3>Mechanische Eigenschaften:<\/h3>\n<p>Auch die Morphologie der Kohlenstoff-Filamente spielt f\u00fcr ihre Best\u00e4ndigkeit eine wesentliche Rolle.<\/p>\n<p>Die mechanischen Eigenschaften von Kohlenstoff-Verbundwerkstoffen sind in Bezug zu ihrer Dichte (Masse) zu betrachten. Man spricht dann von einer spezifischen Resistenz und einem Modul, f\u00fcr die Carbonverbundwerkstoffe heute un\u00fcbertroffen sind.[\/vc_column_text][vc_column_text el_class=&#8220;listing-h3-arrow&#8220;]<\/p>\n<h3>Thermische Eigenschaften:<\/h3>\n<p>Kohlenstofffaser scheut die Hitze nicht. Wenn sie unter hohen Temperaturen zum Einsatz kommt, zersetzt sie sich nicht und dehnt sich nicht aus.<\/p>\n<p>Um das Potenzial ihrer thermischen Eigenschaften voll auszusch\u00f6pfen, werden Kohlenstofffasern manchmal mit keramischen Matrizen legiert, von denen die am h\u00e4ufigsten verwendete keine andere ist als Kohlenstoff selbst ist! Solche Verbundwerkstoffe besitzen somit die Materialeigenschaften von Kohlenstoff bis zu Temperaturen \u00fcber 2.000\u00b0C.[\/vc_column_text][vc_column_text el_class=&#8220;listing-h3-arrow&#8220;]<\/p>\n<h3>Elektrische Leitf\u00e4higkeit und Resistenz:<\/h3>\n<p>Kohlenstofffasern sind elektrische Leiter. Unter dem Einfluss von elektrischem Strom erzeugen sie durch den Joule-Effekt W\u00e4rme. Dank ihrer elektrischen Leitf\u00e4higkeit und ihres ausgezeichneten W\u00e4rmeverhaltens bieten hervorragende Beheizungsl\u00f6sungen. Carbon-Verbundwerkstoffe k\u00f6nnen auch als Schutzbarriere f\u00fcr elektronische Ger\u00e4te gegen elektrische und hochfrequente St\u00f6rungen dienen. Auf diese Weise wirken Carbon-Verbundwerkstoffe wie Faraday\u2018sche K\u00e4fige.[\/vc_column_text][vc_column_text el_class=&#8220;listing-h3-arrow&#8220;]<\/p>\n<h3>R\u00f6ntgentransparenz:<\/h3>\n<p>Kohlenstofffaser besteht aus extrem leichtgewichtigen Elementen: 95% Kohlenstoffatome und 5% Stickstoff. Das Material absorbiert nur eine geringe Menge an R\u00f6ntgenstrahlen und kann daher in der medizinischen Bildgebung eingesetzt werden.[\/vc_column_text][vc_column_text el_class=&#8220;listing-h3-arrow&#8220;]<\/p>\n<h3>Nichtentflammbarkeit:<\/h3>\n<p>Kohlenstofffasern weisen eine extrem geordnete Struktur auf, die viele starke Bindungen zwischen den Kohlenstoffatomen induziert. Die Oxidationsreaktion eines Feuers kann sich dann nicht selbst speisen, was diesem Material seinen nichtbrennbaren Charakter verleiht.[\/vc_column_text]    <\/div>\n<\/div><h2 class=\"clearfix qode-title-holder\">\n<span class=\"qode-tab-title\">\n\t    <span class=\"qode-tab-title-inner\">\n        Wie werden Kohlenstofffasern verwendet?    <\/span>\n<\/span>\n<span class=\"qode-accordion-mark\">\n    <span class=\"qode-accordion-mark-icon\">\n        <span class=\"icon_plus\"><\/span>\n        <span class=\"icon_minus-06\"><\/span>\n    <\/span>\n<\/span>\n<\/h2>\n<div  class=\"qode-accordion-content  \" >\n    <div class=\"qode-accordion-content-inner\">\n        [vc_column_text]Leichtgewichtig, widerstandsf\u00e4hig und nachhaltig, ist Karbonfaser der Werkstoff der Zukunft. Sie wird als Verst\u00e4rkung in Verbundwerkstoffen eingesetzt. Die gro\u00dfen Anwendungsgebiete sind u.a.:<\/p>\n<ul>\n<li>Luft- und Raumfahrt<\/li>\n<li>Sport &amp; Freizeit (Golfschl\u00e4ger, Angelruten, Fahrradrahmen)<\/li>\n<li>Automobilindustrie<\/li>\n<li>Schiffbau und Werftindustrie<\/li>\n<li>Bauwesen<\/li>\n<li>Energie<\/li>\n<\/ul>\n<p>Kohlenstofffasern erm\u00f6glichen vor allem eine Leichtbauweise f\u00fcr unsere Verkehrsmittel. Eine 20-prozentige Gewichtsreduktion eines <a href=\"https:\/\/toray-cfe.com\/de\/industries-nautiques\/\">Flugzeugrumpfs<\/a> aus Carbonfaserverbundwerkstoff spart \u00fcber den gesamten Lebenszyklus runde 1.400 Tonnen CO2 ein.<\/p>\n<p>Automobilindustrie: eine L\u00f6sung f\u00fcr wasserstoffbetriebene Fahrzeuge<\/p>\n<p>Wasserstofffahrzeuge haben heutzutage eine gr\u00f6\u00dfere Autonomie als batteriebetriebene Elektrofahrzeuge (&gt; 500 km). Diese Leistung ist dank der Speicherung von verdichtetem Wasserstoff in einem <a href=\"https:\/\/toray-cfe.com\/de\/losungen\/\">Carbonfasertank<\/a> m\u00f6glich. Dank ihrer Eigenschaften ist Kohlenstofffaser heute das einzige Material, das dauerhafte Best\u00e4ndigkeit und Leichtigkeit bieten kann.<\/p>\n<p>Kohlenstofffaser, umgewandelt in <a href=\"https:\/\/toray-cfe.com\/de\/produkte\/carbon-paper\/\">Carbon Paper<\/a>, ist ebenfalls eine L\u00f6sung zur Herstellung der Kernkomponente von Brennstoffzellen, n\u00e4mlich die Gasdiffusionsmembranen.[\/vc_column_text]    <\/div>\n<\/div><\/div>[\/vc_column][vc_column width=&#8220;1\/3&#8243; el_class=&#8220;sidebar-page&#8220;][vc_row_inner row_type=&#8220;row&#8220; type=&#8220;full_width&#8220; text_align=&#8220;left&#8220; css_animation=&#8220;&#8220; el_class=&#8220;border-block&#8220; css=&#8220;.vc_custom_1595595145498{border-top-width: 1px !important;border-right-width: 1px !important;border-bottom-width: 1px !important;border-left-width: 1px !important;border-left-color: #979797 !important;border-left-style: solid !important;border-right-color: #979797 !important;border-right-style: solid !important;border-top-color: #979797 !important;border-top-style: solid !important;border-bottom-color: #979797 !important;border-bottom-style: solid !important;}&#8220;][vc_column_inner][vc_widget_sidebar sidebar_id=&#8220;A propos&#8220;][\/vc_column_inner][\/vc_row_inner][vc_widget_sidebar sidebar_id=&#8220;e-document&#8220;][vc_row_inner row_type=&#8220;row&#8220; type=&#8220;full_width&#8220; text_align=&#8220;center&#8220; css_animation=&#8220;&#8220; css=&#8220;.vc_custom_1599141478240{border-top-width: 1px !important;border-right-width: 1px !important;border-bottom-width: 1px !important;border-left-width: 1px !important;border-left-color: #979797 !important;border-left-style: solid !important;border-right-color: #979797 !important;border-right-style: solid !important;border-top-color: #979797 !important;border-top-style: solid !important;border-bottom-color: #979797 !important;border-bottom-style: solid !important;}&#8220; el_class=&#8220;sidebar-selecteur-produits&#8220;][vc_column_inner][vc_column_text]<\/p>\n<p style=\"text-align: center;\"><img loading=\"lazy\" decoding=\"async\" class=\"size-full wp-image-253 aligncenter\" role=\"img\" src=\"https:\/\/toray-cfe.com\/wp-content\/uploads\/2020\/07\/toray-produits-outils-selecteur.svg\" alt=\"\" width=\"62\" height=\"62\" \/><\/p>\n<h6 style=\"text-align: center;\">Produkt-Auswahlhilfe<\/h6>\n<p>[\/vc_column_text]<a  itemprop=\"url\" href=\"https:\/\/toray-cfe.com\/de\/produkte\/torayca-kohlenstofffasern\/produkt-auswahlhilfe\/\" target=\"_self\"  class=\"qbutton  default\" style=\"\">W\u00e4hlen sie unsere produkte<\/a>[\/vc_column_inner][\/vc_row_inner][vc_column_text el_class=&#8220;btn-contact-page&#8220;]<\/p>\n<p style=\"text-align: center;\"><a href=\"https:\/\/toray-cfe.com\/de\/kontakt\/\">Kontakt<\/a><\/p>\n<p>[\/vc_column_text][\/vc_column][\/vc_row]<\/p>\n<\/div>","protected":false},"excerpt":{"rendered":"<p>[vc_row css_animation=&#8220;&#8220; row_type=&#8220;row&#8220; use_row_as_full_screen_section=&#8220;no&#8220; type=&#8220;full_width&#8220; angled_section=&#8220;no&#8220; text_align=&#8220;left&#8220; background_image_as_pattern=&#8220;without_pattern&#8220; el_class=&#8220;padding-content&#8220; z_index=&#8220;&#8220;][vc_column][vc_column_text el_class=&#8220;fil-ariane&#8220;][\/vc_column_text][\/vc_column][\/vc_row][vc_row css_animation=&#8220;&#8220; row_type=&#8220;row&#8220; use_row_as_full_screen_section=&#8220;no&#8220; type=&#8220;full_width&#8220; angled_section=&#8220;no&#8220; text_align=&#8220;left&#8220; background_image_as_pattern=&#8220;without_pattern&#8220; el_class=&#8220;padding-content solution-page-enfant histoire-content&#8220; z_index=&#8220;&#8220;][vc_column width=&#8220;2\/3&#8243;][vc_column_text] Was ist Kohlenstofffaser? [\/vc_column_text][vc_row_inner row_type=&#8220;row&#8220; type=&#8220;full_width&#8220; text_align=&#8220;left&#8220; css_animation=&#8220;&#8220; el_class=&#8220;solution-intro histoire&#8220;][vc_column_inner][vc_column_text]Kohlenstofffaser besteht aus extrem d\u00fcnnen Filamenten im Durchmesser&#8230;<\/p>\n","protected":false},"author":1,"featured_media":0,"parent":0,"menu_order":0,"comment_status":"closed","ping_status":"closed","template":"full_width.php","meta":{"_acf_changed":false,"footnotes":""},"class_list":["post-1973","page","type-page","status-publish","hentry"],"acf":[],"yoast_head":"<!-- This site is optimized with the Yoast SEO plugin v27.0 - https:\/\/yoast.com\/product\/yoast-seo-wordpress\/ -->\n<title>Was ist Carbonfaser? Toray CFE erkl\u00e4rt Ihnen alles<\/title>\n<meta name=\"description\" content=\"Wie wird Torayca\u00ae-Carbonfaser hergestellt? Welche mechanischen und thermischen Eigenschaften weist sie auf? Wie wird sie verwendet? Toray CFE erkl\u00e4rt Ihnen alles.\" \/>\n<meta name=\"robots\" content=\"index, follow, max-snippet:-1, max-image-preview:large, max-video-preview:-1\" \/>\n<link rel=\"canonical\" href=\"https:\/\/toray-cfe.com\/de\/was-ist-kohlefaser\/\" \/>\n<meta property=\"og:locale\" content=\"de_DE\" \/>\n<meta property=\"og:type\" content=\"article\" \/>\n<meta property=\"og:title\" content=\"Was ist Carbonfaser? Toray CFE erkl\u00e4rt Ihnen alles\" \/>\n<meta property=\"og:description\" content=\"Wie wird Torayca\u00ae-Carbonfaser hergestellt? Welche mechanischen und thermischen Eigenschaften weist sie auf? Wie wird sie verwendet? Toray CFE erkl\u00e4rt Ihnen alles.\" \/>\n<meta property=\"og:url\" content=\"https:\/\/toray-cfe.com\/de\/was-ist-kohlefaser\/\" \/>\n<meta property=\"og:site_name\" content=\"Toray\" \/>\n<meta property=\"article:modified_time\" content=\"2021-05-26T09:18:57+00:00\" \/>\n<meta property=\"og:image\" content=\"https:\/\/toray-cfe.com\/wp-content\/uploads\/2020\/07\/toray-produits-outils-selecteur.svg\" \/>\n<meta name=\"twitter:card\" content=\"summary_large_image\" \/>\n<meta name=\"twitter:label1\" content=\"Gesch\u00e4tzte Lesezeit\" \/>\n\t<meta name=\"twitter:data1\" content=\"4\u00a0Minuten\" \/>\n<script type=\"application\/ld+json\" class=\"yoast-schema-graph\">{\"@context\":\"https:\/\/schema.org\",\"@graph\":[{\"@type\":\"WebPage\",\"@id\":\"https:\/\/toray-cfe.com\/de\/was-ist-kohlefaser\/\",\"url\":\"https:\/\/toray-cfe.com\/de\/was-ist-kohlefaser\/\",\"name\":\"Was ist Carbonfaser? Toray CFE erkl\u00e4rt Ihnen alles\",\"isPartOf\":{\"@id\":\"https:\/\/toray-cfe.com\/de\/#website\"},\"primaryImageOfPage\":{\"@id\":\"https:\/\/toray-cfe.com\/de\/was-ist-kohlefaser\/#primaryimage\"},\"image\":{\"@id\":\"https:\/\/toray-cfe.com\/de\/was-ist-kohlefaser\/#primaryimage\"},\"thumbnailUrl\":\"https:\/\/toray-cfe.com\/wp-content\/uploads\/2020\/07\/toray-produits-outils-selecteur.svg\",\"datePublished\":\"2020-06-26T09:41:45+00:00\",\"dateModified\":\"2021-05-26T09:18:57+00:00\",\"description\":\"Wie wird Torayca\u00ae-Carbonfaser hergestellt? Welche mechanischen und thermischen Eigenschaften weist sie auf? Wie wird sie verwendet? Toray CFE erkl\u00e4rt Ihnen alles.\",\"breadcrumb\":{\"@id\":\"https:\/\/toray-cfe.com\/de\/was-ist-kohlefaser\/#breadcrumb\"},\"inLanguage\":\"de\",\"potentialAction\":[{\"@type\":\"ReadAction\",\"target\":[\"https:\/\/toray-cfe.com\/de\/was-ist-kohlefaser\/\"]}]},{\"@type\":\"ImageObject\",\"inLanguage\":\"de\",\"@id\":\"https:\/\/toray-cfe.com\/de\/was-ist-kohlefaser\/#primaryimage\",\"url\":\"https:\/\/toray-cfe.com\/wp-content\/uploads\/2020\/07\/toray-produits-outils-selecteur.svg\",\"contentUrl\":\"https:\/\/toray-cfe.com\/wp-content\/uploads\/2020\/07\/toray-produits-outils-selecteur.svg\"},{\"@type\":\"BreadcrumbList\",\"@id\":\"https:\/\/toray-cfe.com\/de\/was-ist-kohlefaser\/#breadcrumb\",\"itemListElement\":[{\"@type\":\"ListItem\",\"position\":1,\"name\":\"Startseite\",\"item\":\"https:\/\/toray-cfe.com\/de\/\"},{\"@type\":\"ListItem\",\"position\":2,\"name\":\"Was ist Kohlefaser?\"}]},{\"@type\":\"WebSite\",\"@id\":\"https:\/\/toray-cfe.com\/de\/#website\",\"url\":\"https:\/\/toray-cfe.com\/de\/\",\"name\":\"Toray\",\"description\":\"\",\"publisher\":{\"@id\":\"https:\/\/toray-cfe.com\/de\/#organization\"},\"potentialAction\":[{\"@type\":\"SearchAction\",\"target\":{\"@type\":\"EntryPoint\",\"urlTemplate\":\"https:\/\/toray-cfe.com\/de\/?s={search_term_string}\"},\"query-input\":{\"@type\":\"PropertyValueSpecification\",\"valueRequired\":true,\"valueName\":\"search_term_string\"}}],\"inLanguage\":\"de\"},{\"@type\":\"Organization\",\"@id\":\"https:\/\/toray-cfe.com\/de\/#organization\",\"name\":\"Toray Carbon Fibers Europe\",\"url\":\"https:\/\/toray-cfe.com\/de\/\",\"logo\":{\"@type\":\"ImageObject\",\"inLanguage\":\"de\",\"@id\":\"https:\/\/toray-cfe.com\/de\/#\/schema\/logo\/image\/\",\"url\":\"https:\/\/toray-cfe.com\/wp-content\/uploads\/2020\/12\/logo-toray.svg\",\"contentUrl\":\"https:\/\/toray-cfe.com\/wp-content\/uploads\/2020\/12\/logo-toray.svg\",\"width\":178,\"height\":63,\"caption\":\"Toray Carbon Fibers Europe\"},\"image\":{\"@id\":\"https:\/\/toray-cfe.com\/de\/#\/schema\/logo\/image\/\"},\"sameAs\":[\"https:\/\/www.linkedin.com\/company\/toray-carbon-fibers\"]}]}<\/script>\n<!-- \/ Yoast SEO plugin. -->","yoast_head_json":{"title":"Was ist Carbonfaser? Toray CFE erkl\u00e4rt Ihnen alles","description":"Wie wird Torayca\u00ae-Carbonfaser hergestellt? Welche mechanischen und thermischen Eigenschaften weist sie auf? Wie wird sie verwendet? Toray CFE erkl\u00e4rt Ihnen alles.","robots":{"index":"index","follow":"follow","max-snippet":"max-snippet:-1","max-image-preview":"max-image-preview:large","max-video-preview":"max-video-preview:-1"},"canonical":"https:\/\/toray-cfe.com\/de\/was-ist-kohlefaser\/","og_locale":"de_DE","og_type":"article","og_title":"Was ist Carbonfaser? Toray CFE erkl\u00e4rt Ihnen alles","og_description":"Wie wird Torayca\u00ae-Carbonfaser hergestellt? Welche mechanischen und thermischen Eigenschaften weist sie auf? Wie wird sie verwendet? Toray CFE erkl\u00e4rt Ihnen alles.","og_url":"https:\/\/toray-cfe.com\/de\/was-ist-kohlefaser\/","og_site_name":"Toray","article_modified_time":"2021-05-26T09:18:57+00:00","og_image":[{"url":"https:\/\/toray-cfe.com\/wp-content\/uploads\/2020\/07\/toray-produits-outils-selecteur.svg","type":"","width":"","height":""}],"twitter_card":"summary_large_image","twitter_misc":{"Gesch\u00e4tzte Lesezeit":"4\u00a0Minuten"},"schema":{"@context":"https:\/\/schema.org","@graph":[{"@type":"WebPage","@id":"https:\/\/toray-cfe.com\/de\/was-ist-kohlefaser\/","url":"https:\/\/toray-cfe.com\/de\/was-ist-kohlefaser\/","name":"Was ist Carbonfaser? Toray CFE erkl\u00e4rt Ihnen alles","isPartOf":{"@id":"https:\/\/toray-cfe.com\/de\/#website"},"primaryImageOfPage":{"@id":"https:\/\/toray-cfe.com\/de\/was-ist-kohlefaser\/#primaryimage"},"image":{"@id":"https:\/\/toray-cfe.com\/de\/was-ist-kohlefaser\/#primaryimage"},"thumbnailUrl":"https:\/\/toray-cfe.com\/wp-content\/uploads\/2020\/07\/toray-produits-outils-selecteur.svg","datePublished":"2020-06-26T09:41:45+00:00","dateModified":"2021-05-26T09:18:57+00:00","description":"Wie wird Torayca\u00ae-Carbonfaser hergestellt? Welche mechanischen und thermischen Eigenschaften weist sie auf? Wie wird sie verwendet? Toray CFE erkl\u00e4rt Ihnen alles.","breadcrumb":{"@id":"https:\/\/toray-cfe.com\/de\/was-ist-kohlefaser\/#breadcrumb"},"inLanguage":"de","potentialAction":[{"@type":"ReadAction","target":["https:\/\/toray-cfe.com\/de\/was-ist-kohlefaser\/"]}]},{"@type":"ImageObject","inLanguage":"de","@id":"https:\/\/toray-cfe.com\/de\/was-ist-kohlefaser\/#primaryimage","url":"https:\/\/toray-cfe.com\/wp-content\/uploads\/2020\/07\/toray-produits-outils-selecteur.svg","contentUrl":"https:\/\/toray-cfe.com\/wp-content\/uploads\/2020\/07\/toray-produits-outils-selecteur.svg"},{"@type":"BreadcrumbList","@id":"https:\/\/toray-cfe.com\/de\/was-ist-kohlefaser\/#breadcrumb","itemListElement":[{"@type":"ListItem","position":1,"name":"Startseite","item":"https:\/\/toray-cfe.com\/de\/"},{"@type":"ListItem","position":2,"name":"Was ist Kohlefaser?"}]},{"@type":"WebSite","@id":"https:\/\/toray-cfe.com\/de\/#website","url":"https:\/\/toray-cfe.com\/de\/","name":"Toray","description":"","publisher":{"@id":"https:\/\/toray-cfe.com\/de\/#organization"},"potentialAction":[{"@type":"SearchAction","target":{"@type":"EntryPoint","urlTemplate":"https:\/\/toray-cfe.com\/de\/?s={search_term_string}"},"query-input":{"@type":"PropertyValueSpecification","valueRequired":true,"valueName":"search_term_string"}}],"inLanguage":"de"},{"@type":"Organization","@id":"https:\/\/toray-cfe.com\/de\/#organization","name":"Toray Carbon Fibers Europe","url":"https:\/\/toray-cfe.com\/de\/","logo":{"@type":"ImageObject","inLanguage":"de","@id":"https:\/\/toray-cfe.com\/de\/#\/schema\/logo\/image\/","url":"https:\/\/toray-cfe.com\/wp-content\/uploads\/2020\/12\/logo-toray.svg","contentUrl":"https:\/\/toray-cfe.com\/wp-content\/uploads\/2020\/12\/logo-toray.svg","width":178,"height":63,"caption":"Toray Carbon Fibers Europe"},"image":{"@id":"https:\/\/toray-cfe.com\/de\/#\/schema\/logo\/image\/"},"sameAs":["https:\/\/www.linkedin.com\/company\/toray-carbon-fibers"]}]}},"_links":{"self":[{"href":"https:\/\/toray-cfe.com\/de\/wp-json\/wp\/v2\/pages\/1973","targetHints":{"allow":["GET"]}}],"collection":[{"href":"https:\/\/toray-cfe.com\/de\/wp-json\/wp\/v2\/pages"}],"about":[{"href":"https:\/\/toray-cfe.com\/de\/wp-json\/wp\/v2\/types\/page"}],"author":[{"embeddable":true,"href":"https:\/\/toray-cfe.com\/de\/wp-json\/wp\/v2\/users\/1"}],"replies":[{"embeddable":true,"href":"https:\/\/toray-cfe.com\/de\/wp-json\/wp\/v2\/comments?post=1973"}],"version-history":[{"count":0,"href":"https:\/\/toray-cfe.com\/de\/wp-json\/wp\/v2\/pages\/1973\/revisions"}],"wp:attachment":[{"href":"https:\/\/toray-cfe.com\/de\/wp-json\/wp\/v2\/media?parent=1973"}],"curies":[{"name":"wp","href":"https:\/\/api.w.org\/{rel}","templated":true}]}}