{"id":2005,"date":"2020-06-26T12:02:01","date_gmt":"2020-06-26T10:02:01","guid":{"rendered":"https:\/\/preprod.toray-cfe.com\/foire-aux-questions\/"},"modified":"2025-10-16T16:42:40","modified_gmt":"2025-10-16T14:42:40","slug":"faq-frequently-asked-questions","status":"publish","type":"page","link":"https:\/\/toray-cfe.com\/de\/faq-frequently-asked-questions\/","title":{"rendered":"FAQ \/ Frequently Asked Questions"},"content":{"rendered":"<div class=\"wpb-content-wrapper\"><p>[vc_row css_animation=&#8220;&#8220; row_type=&#8220;row&#8220; use_row_as_full_screen_section=&#8220;no&#8220; type=&#8220;full_width&#8220; angled_section=&#8220;no&#8220; text_align=&#8220;left&#8220; background_image_as_pattern=&#8220;without_pattern&#8220; el_class=&#8220;padding-content&#8220; z_index=&#8220;&#8220;][vc_column][vc_column_text el_class=&#8220;fil-ariane&#8220;]<span><span><a href=\"https:\/\/toray-cfe.com\/de\/\">Startseite<\/a><\/span><\/span>[\/vc_column_text][\/vc_column][\/vc_row][vc_row css_animation=&#8220;&#8220; row_type=&#8220;row&#8220; use_row_as_full_screen_section=&#8220;no&#8220; type=&#8220;full_width&#8220; angled_section=&#8220;no&#8220; text_align=&#8220;left&#8220; background_image_as_pattern=&#8220;without_pattern&#8220; el_class=&#8220;padding-content solution-page-enfant faq-content&#8220; z_index=&#8220;&#8220;][vc_column width=&#8220;2\/3&#8243;][vc_column_text]<\/p>\n<h1>FAQ<\/h1>\n<p>Unsere Teams haben untenstehend einige der h\u00e4ufigsten Fragen beantwortet. Wenn Ihre Antwort nicht dabei sein sollte, schicken Sie uns Ihre Frage einfach per E-mail:[\/vc_column_text]<div class=\"qode-accordion-holder clearfix qode-toggle qode-initial \">\n\t<h2 class=\"clearfix qode-title-holder\">\n<span class=\"qode-tab-title\">\n\t    <span class=\"qode-tab-title-inner\">\n        Kohlefasern    <\/span>\n<\/span>\n<span class=\"qode-accordion-mark\">\n    <span class=\"qode-accordion-mark-icon\">\n        <span class=\"icon_plus\"><\/span>\n        <span class=\"icon_minus-06\"><\/span>\n    <\/span>\n<\/span>\n<\/h2>\n<div  class=\"qode-accordion-content accordeon-double \" >\n    <div class=\"qode-accordion-content-inner\">\n        <h3  class=\"accordeon-double-title ui-accordion-header\"><span class=\"accordeon-title\">Was ist Kohlefaser?<\/span><span class=\"accordion-mark\"><span class=\"accordion-mark-icon\"><span class=\"icon_plus\"><\/span><span class=\"icon_minus-06\"><\/span><\/span><\/span><\/h3><div class=\"accordeon-content\"><div class=\"accordeon-double-only\"><div class=\"accordeon-txt-only accordeon-double-txt\"><p><a href=\"https:\/\/toray-cfe.com\/de\/was-ist-kohlefaser\/\"><strong>Kohlefaser<\/strong><\/a>\u00a0besteht aus extrem feinen Filamenten, mit einem Durchmesser von 5 bis 7 \u00b5m. Mehr als 90% dieser Kohlenstoff-Filamente bestehen aus Kohlenstoffatomen, der Rest haupts\u00e4chlich aus Stickstoffatomen. Die Kohlenstoffatome bilden kristallin organisierte, graphitische Ebenen. Aufgrund seiner au\u00dfergew\u00f6hnlichen mechanischen Eigenschaften und seines geringen Gewichts eignet sich dieses Material perfekt f\u00fcr Anwendungen in den Bereichen Luftfahrt, Automobil, Industrie und Sportausr\u00fcstungen bzw. -Ger\u00e4ten.<\/p><\/div><\/div><\/div><h3  class=\"accordeon-double-title ui-accordion-header\"><span class=\"accordeon-title\">Was ist das Schlichten von Kohlefasern?<\/span><span class=\"accordion-mark\"><span class=\"accordion-mark-icon\"><span class=\"icon_plus\"><\/span><span class=\"icon_minus-06\"><\/span><\/span><\/span><\/h3><div class=\"accordeon-content\"><div class=\"accordeon-double-only\"><div class=\"accordeon-txt-only accordeon-double-txt\"><p>Oberfl\u00e4chenbehandlung und <a href=\"https:\/\/toray-cfe.com\/de\/produkte\/torayca-kohlenstofffasern\/#traitement_surface_ensimage\"><strong>Schlichten<\/strong><\/a> sind die letzten Schritte im Herstellungsprozess der Carbonfaser. Diese abschlie\u00dfenden Arbeitsschritte sind ausschlaggebend f\u00fcr die gew\u00fcnschte Faser\/Matrix-Haftung und das gew\u00fcnschte Verarbeitungsverhalten. Das Torayca\u00ae-Sortiment umfasst zwei Arten von Oberfl\u00e4chenbehandlungen (eine Standard- und eine Premiumvariante) in Verbindung mit verschiedenen Schlichten und mit den auf dem Markt verf\u00fcgbaren Harzen.<\/p><\/div><\/div><\/div><h3  class=\"accordeon-double-title ui-accordion-header\"><span class=\"accordeon-title\">Wie finde ich die passende Kohlefaser f\u00fcr meine Anwendung.<\/span><span class=\"accordion-mark\"><span class=\"accordion-mark-icon\"><span class=\"icon_plus\"><\/span><span class=\"icon_minus-06\"><\/span><\/span><\/span><\/h3><div class=\"accordeon-content\"><div class=\"accordeon-double-only\"><div class=\"accordeon-txt-only accordeon-double-txt\"><p>Die breite Angebotspalette an Torayca\u00ae-Carbonfasern mit verschiedenen mechanischen und Schlichteigenschaften wurde entwickelt, um f\u00fcr jedes Ihrer Projekte eine passende L\u00f6sung zu bieten.<\/p>\n<p>Torayca\u00ae-Fasern werden in zwei verschiedenen Kategorien referenziert:<\/p>\n<ul>\n<li>Die Kategorie T, so genannt f\u00fcr &#8222;Tensile strength&#8220;, zeichnet sich durch hohe Zugfestigkeit und eine Normal- bis Mittelmoduligkeit aus.<\/li>\n<li>Die Kategorie M, so genannt f\u00fcr &#8222;Modulus&#8220;, zeichnet sich durch ihre Hochmoduligkeit aus.<\/li>\n<\/ul>\n<p>Unsere kaufm\u00e4nnischen und technischen Teams stehen Ihnen jederzeit zur Verf\u00fcgung, um Sie bei der Auswahl Ihrer Kohlenstofffaser zu beraten. Sie k\u00f6nnen auch unseren <a href=\"https:\/\/toray-cfe.com\/de\/produkte\/torayca-kohlenstofffasern\/produkt-auswahlhilfe\/\"><strong>Kohlenstofffaser-Selektor verwenden<\/strong><\/a>.<\/p><\/div><\/div><\/div><h3  class=\"accordeon-double-title ui-accordion-header\"><span class=\"accordeon-title\">Was unterscheidet Kohlenstofffasern f\u00fcr die Luftfahrt und die Industrie?<\/span><span class=\"accordion-mark\"><span class=\"accordion-mark-icon\"><span class=\"icon_plus\"><\/span><span class=\"icon_minus-06\"><\/span><\/span><\/span><\/h3><div class=\"accordeon-content\"><div class=\"accordeon-double-only\"><div class=\"accordeon-txt-only accordeon-double-txt\"><p>Toray Carbon Fibers Europe stellt die gleichen Anforderungen an die Herstellung seiner Carbonfasern, egal ob sie in der Luftfahrt oder in der Industrie eingesetzt werden. In jedem Fall ist Toray Carbon Fibers Europe bestrebt, die Spezifikationen seiner Kunden zu erf\u00fcllen, sowohl in Bezug auf die Gew\u00e4hrleistung der technischen Eigenschaften seiner Produkte als auch deren R\u00fcckverfolgbarkeit.<\/p><\/div><\/div><\/div>    <\/div>\n<\/div><h2 class=\"clearfix qode-title-holder\">\n<span class=\"qode-tab-title\">\n\t    <span class=\"qode-tab-title-inner\">\n        Verbundwerkstoffe    <\/span>\n<\/span>\n<span class=\"qode-accordion-mark\">\n    <span class=\"qode-accordion-mark-icon\">\n        <span class=\"icon_plus\"><\/span>\n        <span class=\"icon_minus-06\"><\/span>\n    <\/span>\n<\/span>\n<\/h2>\n<div  class=\"qode-accordion-content accordeon-double \" >\n    <div class=\"qode-accordion-content-inner\">\n        <h3  class=\"accordeon-double-title ui-accordion-header\"><span class=\"accordeon-title\">Was sind Verbundwerkstoffe?<\/span><span class=\"accordion-mark\"><span class=\"accordion-mark-icon\"><span class=\"icon_plus\"><\/span><span class=\"icon_minus-06\"><\/span><\/span><\/span><\/h3><div class=\"accordeon-content\"><div class=\"accordeon-double-only\"><div class=\"accordeon-txt-only accordeon-double-txt\"><p>Ein Verbundwerkstoff bedarf der Kombination von mindestens zwei Komponenten:<\/p>\n<ul>\n<li>Die Verst\u00e4rkung (z. B. Kohlefaser), die den gr\u00f6\u00dften Teil der mechanischen Eigenschaften ausmacht;<\/li>\n<li>Die Matrix (z. B. ein Harz), die als Bindemittel wirkt, die Bewehrung sch\u00fctzt und die Kr\u00e4fte \u00fcbertr\u00e4gt.<\/li>\n<\/ul>\n<p>Entdecken Sie die <a href=\"https:\/\/toray-cfe.com\/de\/produkte\/\"><strong>Verbundwerkstoffe <\/strong><\/a>von Toray Carbon Fibers Europe.<\/p><\/div><\/div><\/div><h3  class=\"accordeon-double-title ui-accordion-header\"><span class=\"accordeon-title\">Welche Verbundwerkstoffe werden von Toray Carbon Fibers Europe hergestellt?<\/span><span class=\"accordion-mark\"><span class=\"accordion-mark-icon\"><span class=\"icon_plus\"><\/span><span class=\"icon_minus-06\"><\/span><\/span><\/span><\/h3><div class=\"accordeon-content\"><div class=\"accordeon-double-only\"><div class=\"accordeon-txt-only accordeon-double-txt\"><p>Toray Carbon Fibers Europe bietet eine Reihe von <strong><a href=\"https:\/\/toray-cfe.com\/de\/produkte\/\">pultrudierten Profilen<\/a> <\/strong>(St\u00e4be und Flachteile) an, die f\u00fcr die Verst\u00e4rkung und Reparatur von Bauwerken, elektrischen Hochspannungskabeln, Abspannkonstruktionen usw. verwendet werden.<\/p>\n<p>Toray Carbon Fibers Europe liefert in Europa auch <strong><a href=\"https:\/\/toray-cfe.com\/de\/?page_id=1991\">Torayca\u00ae Carbon Paper<\/a> <\/strong>, das f\u00fcr die Herstellung von Elektroden in Brennstoffzellen insbesondere f\u00fcr die Automobilbranche geeignet ist.<\/p>\n<p><a href=\"https:\/\/toray-cfe.com\/de\/advanced-towpreg\/\">Advanced Towpreg<\/a> von Toray Carbon Fibers Europe differenziert sich von herk\u00f6mmlichen TowPregs. Im Gegensatz zu Letzteren erm\u00f6glicht dieses innovative Produkt, alle technischen Anforderungen des AFP-Prozesses (automatisierte Faserplatzierung) zu erf\u00fcllen, sei es f\u00fcr aeronautische oder industrielle Anwendungen.<\/p><\/div><\/div><\/div>    <\/div>\n<\/div><h2 class=\"clearfix qode-title-holder\">\n<span class=\"qode-tab-title\">\n\t    <span class=\"qode-tab-title-inner\">\n        Produkte bestellen    <\/span>\n<\/span>\n<span class=\"qode-accordion-mark\">\n    <span class=\"qode-accordion-mark-icon\">\n        <span class=\"icon_plus\"><\/span>\n        <span class=\"icon_minus-06\"><\/span>\n    <\/span>\n<\/span>\n<\/h2>\n<div  class=\"qode-accordion-content accordeon-double \" >\n    <div class=\"qode-accordion-content-inner\">\n        <h3  class=\"accordeon-double-title ui-accordion-header\"><span class=\"accordeon-title\">Wie ist der Vertrieb der Produkte von Toray Carbon Fibers Europe organisiert?<\/span><span class=\"accordion-mark\"><span class=\"accordion-mark-icon\"><span class=\"icon_plus\"><\/span><span class=\"icon_minus-06\"><\/span><\/span><\/span><\/h3><div class=\"accordeon-content\"><div class=\"accordeon-double-only\"><div class=\"accordeon-txt-only accordeon-double-txt\"><p>Toray Carbon Fibers Europe st\u00fctzt sich auf ein Netzwerk von Vertriebspartnern, um unsere Kunden in Europa und einigen anderen L\u00e4ndern zu bedienen. Um Ihren Ansprechpartner zu finden, werfen Sie einen Blick auf unsere <strong><a href=\"https:\/\/toray-cfe.com\/de\/kontakt\/#carte\">Karte<\/a>.<\/strong><\/p><\/div><\/div><\/div><h3  class=\"accordeon-double-title ui-accordion-header\"><span class=\"accordeon-title\">Wie kann ich eine Bestellung aufgeben?<\/span><span class=\"accordion-mark\"><span class=\"accordion-mark-icon\"><span class=\"icon_plus\"><\/span><span class=\"icon_minus-06\"><\/span><\/span><\/span><\/h3><div class=\"accordeon-content\"><div class=\"accordeon-double-only\"><div class=\"accordeon-txt-only accordeon-double-txt\"><p>Toray Carbon Fibers Europe stellt die Bed\u00fcrfnisse seiner Kunden in den Mittelpunkt seiner Gesch\u00e4ftsstrategie. Flexibel und kundennah begleiten unsere Teams Sie von der Konstruktionsphase bis zur Qualifizierung Ihres Produktes. Unsere <a href=\"https:\/\/toray-cfe.com\/de\/faq-frequently-asked-questions\/#etre-rappele\"><strong>Verkaufsberater und Techniker<\/strong><\/a>\u00a0sind bestrebt, eine an die Besonderheiten jedes Projekts angepasste L\u00f6sung bereitzustellen.<\/p><\/div><\/div><\/div><h3  class=\"accordeon-double-title ui-accordion-header\"><span class=\"accordeon-title\">Wie lauten die allgemeinen Gesch\u00e4ftsbedingungen?<\/span><span class=\"accordion-mark\"><span class=\"accordion-mark-icon\"><span class=\"icon_plus\"><\/span><span class=\"icon_minus-06\"><\/span><\/span><\/span><\/h3><div class=\"accordeon-content\"><div class=\"accordeon-double-only\"><div class=\"accordeon-txt-only accordeon-double-txt\"><p>Sie k\u00f6nnen unsere Allgemeinen Gesch\u00e4ftsbedingungen in der Rubrik <a href=\"https:\/\/toray-cfe.com\/de\/e-dokumente\/#certifications\"><strong>&#8222;E-Dokumente&#8220;<\/strong><\/a>\u00a0herunterladen.<\/p><\/div><\/div><\/div>    <\/div>\n<\/div><h2 class=\"clearfix qode-title-holder\">\n<span class=\"qode-tab-title\">\n\t    <span class=\"qode-tab-title-inner\">\n        Sicherheit \/ Produktqualit\u00e4t    <\/span>\n<\/span>\n<span class=\"qode-accordion-mark\">\n    <span class=\"qode-accordion-mark-icon\">\n        <span class=\"icon_plus\"><\/span>\n        <span class=\"icon_minus-06\"><\/span>\n    <\/span>\n<\/span>\n<\/h2>\n<div  class=\"qode-accordion-content accordeon-double \" >\n    <div class=\"qode-accordion-content-inner\">\n        <h3  class=\"accordeon-double-title ui-accordion-header\"><span class=\"accordeon-title\">Wie kann ich mir die Sicherheitsdatenbl\u00e4tter Ihrer Produkte beschaffen?<\/span><span class=\"accordion-mark\"><span class=\"accordion-mark-icon\"><span class=\"icon_plus\"><\/span><span class=\"icon_minus-06\"><\/span><\/span><\/span><\/h3><div class=\"accordeon-content\"><div class=\"accordeon-double-only\"><div class=\"accordeon-txt-only accordeon-double-txt\"><p>Unsere <a href=\"https:\/\/toray-cfe.com\/de\/faq-frequently-asked-questions\/#etre-rappele\"><strong>Verkaufsabteilung<\/strong><\/a>\u00a0steht Ihnen f\u00fcr die \u00dcbermittlung dieser Dokumente gemeinsam mit unserer Abteilung f\u00fcr Gesundheit, Sicherheit und Umwelt zur Verf\u00fcgung.<\/p><\/div><\/div><\/div><h3  class=\"accordeon-double-title ui-accordion-header\"><span class=\"accordeon-title\">Wie kann ich mir eine Kopie der Qualit\u00e4tszertifikate beschaffen?<\/span><span class=\"accordion-mark\"><span class=\"accordion-mark-icon\"><span class=\"icon_plus\"><\/span><span class=\"icon_minus-06\"><\/span><\/span><\/span><\/h3><div class=\"accordeon-content\"><div class=\"accordeon-double-only\"><div class=\"accordeon-txt-only accordeon-double-txt\"><p>Sie k\u00f6nnen unsere Qualit\u00e4tszertifikate in der Rubrik <a href=\"https:\/\/toray-cfe.com\/de\/e-dokumente\/#certifications\"><strong>&#8222;E-Dokumente&#8220;<\/strong><\/a>\u00a0herunterladen.<\/p><\/div><\/div><\/div>    <\/div>\n<\/div><\/div>[\/vc_column][vc_column width=&#8220;1\/3&#8243; el_class=&#8220;sidebar-page&#8220;][vc_row_inner row_type=&#8220;row&#8220; type=&#8220;full_width&#8220; text_align=&#8220;left&#8220; css_animation=&#8220;&#8220; el_class=&#8220;border-block&#8220; css=&#8220;.vc_custom_1595595145498{border-top-width: 1px !important;border-right-width: 1px !important;border-bottom-width: 1px !important;border-left-width: 1px !important;border-left-color: #979797 !important;border-left-style: solid !important;border-right-color: #979797 !important;border-right-style: solid !important;border-top-color: #979797 !important;border-top-style: solid !important;border-bottom-color: #979797 !important;border-bottom-style: solid !important;}&#8220;][vc_column_inner][vc_widget_sidebar sidebar_id=&#8220;E-Documents &#8211; page&#8220;][\/vc_column_inner][\/vc_row_inner][\/vc_column][\/vc_row]<\/p>\n<\/div>","protected":false},"excerpt":{"rendered":"<p>[vc_row css_animation=&#8220;&#8220; row_type=&#8220;row&#8220; use_row_as_full_screen_section=&#8220;no&#8220; type=&#8220;full_width&#8220; angled_section=&#8220;no&#8220; text_align=&#8220;left&#8220; background_image_as_pattern=&#8220;without_pattern&#8220; el_class=&#8220;padding-content&#8220; z_index=&#8220;&#8220;][vc_column][vc_column_text el_class=&#8220;fil-ariane&#8220;][\/vc_column_text][\/vc_column][\/vc_row][vc_row css_animation=&#8220;&#8220; row_type=&#8220;row&#8220; use_row_as_full_screen_section=&#8220;no&#8220; type=&#8220;full_width&#8220; angled_section=&#8220;no&#8220; text_align=&#8220;left&#8220; background_image_as_pattern=&#8220;without_pattern&#8220; el_class=&#8220;padding-content solution-page-enfant faq-content&#8220; z_index=&#8220;&#8220;][vc_column width=&#8220;2\/3&#8243;][vc_column_text] FAQ Unsere Teams haben untenstehend einige der h\u00e4ufigsten Fragen beantwortet. Wenn Ihre Antwort nicht dabei sein sollte,&#8230;<\/p>\n","protected":false},"author":1,"featured_media":0,"parent":0,"menu_order":0,"comment_status":"closed","ping_status":"closed","template":"full_width.php","meta":{"_acf_changed":false,"footnotes":""},"class_list":["post-2005","page","type-page","status-publish","hentry"],"acf":[],"yoast_head":"<!-- This site is optimized with the Yoast SEO plugin v27.0 - https:\/\/yoast.com\/product\/yoast-seo-wordpress\/ -->\n<title>FAQ \u2013 H\u00e4ufige Fragen zu Carbonfasern | Toray Carbon Fibers Europe<\/title>\n<meta name=\"description\" content=\"Antworten auf h\u00e4ufige Fragen zu Torayca\u00ae Kohlenstofffaser und Verbundwerkstoffen. Erfahren Sie mehr \u00fcber Anwendungen, Vorteile und Nachhaltigkeit.\" \/>\n<meta name=\"robots\" content=\"index, follow, max-snippet:-1, max-image-preview:large, max-video-preview:-1\" \/>\n<link rel=\"canonical\" href=\"https:\/\/toray-cfe.com\/de\/faq-frequently-asked-questions\/\" \/>\n<meta property=\"og:locale\" content=\"de_DE\" \/>\n<meta property=\"og:type\" content=\"article\" \/>\n<meta property=\"og:title\" content=\"FAQ \u2013 H\u00e4ufige Fragen zu Carbonfasern | Toray Carbon Fibers Europe\" \/>\n<meta property=\"og:description\" content=\"Antworten auf h\u00e4ufige Fragen zu Torayca\u00ae Kohlenstofffaser und Verbundwerkstoffen. Erfahren Sie mehr \u00fcber Anwendungen, Vorteile und Nachhaltigkeit.\" \/>\n<meta property=\"og:url\" content=\"https:\/\/toray-cfe.com\/de\/faq-frequently-asked-questions\/\" \/>\n<meta property=\"og:site_name\" content=\"Toray\" \/>\n<meta property=\"article:modified_time\" content=\"2025-10-16T14:42:40+00:00\" \/>\n<meta name=\"twitter:card\" content=\"summary_large_image\" \/>\n<meta name=\"twitter:label1\" content=\"Gesch\u00e4tzte Lesezeit\" \/>\n\t<meta name=\"twitter:data1\" content=\"4\u00a0Minuten\" \/>\n<script type=\"application\/ld+json\" class=\"yoast-schema-graph\">{\"@context\":\"https:\/\/schema.org\",\"@graph\":[{\"@type\":\"WebPage\",\"@id\":\"https:\/\/toray-cfe.com\/de\/faq-frequently-asked-questions\/\",\"url\":\"https:\/\/toray-cfe.com\/de\/faq-frequently-asked-questions\/\",\"name\":\"FAQ \u2013 H\u00e4ufige Fragen zu Carbonfasern | Toray Carbon Fibers Europe\",\"isPartOf\":{\"@id\":\"https:\/\/toray-cfe.com\/de\/#website\"},\"datePublished\":\"2020-06-26T10:02:01+00:00\",\"dateModified\":\"2025-10-16T14:42:40+00:00\",\"description\":\"Antworten auf h\u00e4ufige Fragen zu Torayca\u00ae Kohlenstofffaser und Verbundwerkstoffen. Erfahren Sie mehr \u00fcber Anwendungen, Vorteile und Nachhaltigkeit.\",\"breadcrumb\":{\"@id\":\"https:\/\/toray-cfe.com\/de\/faq-frequently-asked-questions\/#breadcrumb\"},\"inLanguage\":\"de\",\"potentialAction\":[{\"@type\":\"ReadAction\",\"target\":[\"https:\/\/toray-cfe.com\/de\/faq-frequently-asked-questions\/\"]}]},{\"@type\":\"BreadcrumbList\",\"@id\":\"https:\/\/toray-cfe.com\/de\/faq-frequently-asked-questions\/#breadcrumb\",\"itemListElement\":[{\"@type\":\"ListItem\",\"position\":1,\"name\":\"Startseite\",\"item\":\"https:\/\/toray-cfe.com\/de\/\"},{\"@type\":\"ListItem\",\"position\":2,\"name\":\"FAQ \/ Frequently Asked Questions\"}]},{\"@type\":\"WebSite\",\"@id\":\"https:\/\/toray-cfe.com\/de\/#website\",\"url\":\"https:\/\/toray-cfe.com\/de\/\",\"name\":\"Toray\",\"description\":\"\",\"publisher\":{\"@id\":\"https:\/\/toray-cfe.com\/de\/#organization\"},\"potentialAction\":[{\"@type\":\"SearchAction\",\"target\":{\"@type\":\"EntryPoint\",\"urlTemplate\":\"https:\/\/toray-cfe.com\/de\/?s={search_term_string}\"},\"query-input\":{\"@type\":\"PropertyValueSpecification\",\"valueRequired\":true,\"valueName\":\"search_term_string\"}}],\"inLanguage\":\"de\"},{\"@type\":\"Organization\",\"@id\":\"https:\/\/toray-cfe.com\/de\/#organization\",\"name\":\"Toray Carbon Fibers Europe\",\"url\":\"https:\/\/toray-cfe.com\/de\/\",\"logo\":{\"@type\":\"ImageObject\",\"inLanguage\":\"de\",\"@id\":\"https:\/\/toray-cfe.com\/de\/#\/schema\/logo\/image\/\",\"url\":\"https:\/\/toray-cfe.com\/wp-content\/uploads\/2020\/12\/logo-toray.svg\",\"contentUrl\":\"https:\/\/toray-cfe.com\/wp-content\/uploads\/2020\/12\/logo-toray.svg\",\"width\":178,\"height\":63,\"caption\":\"Toray Carbon Fibers Europe\"},\"image\":{\"@id\":\"https:\/\/toray-cfe.com\/de\/#\/schema\/logo\/image\/\"},\"sameAs\":[\"https:\/\/www.linkedin.com\/company\/toray-carbon-fibers\"]}]}<\/script>\n<!-- \/ Yoast SEO plugin. -->","yoast_head_json":{"title":"FAQ \u2013 H\u00e4ufige Fragen zu Carbonfasern | Toray Carbon Fibers Europe","description":"Antworten auf h\u00e4ufige Fragen zu Torayca\u00ae Kohlenstofffaser und Verbundwerkstoffen. Erfahren Sie mehr \u00fcber Anwendungen, Vorteile und Nachhaltigkeit.","robots":{"index":"index","follow":"follow","max-snippet":"max-snippet:-1","max-image-preview":"max-image-preview:large","max-video-preview":"max-video-preview:-1"},"canonical":"https:\/\/toray-cfe.com\/de\/faq-frequently-asked-questions\/","og_locale":"de_DE","og_type":"article","og_title":"FAQ \u2013 H\u00e4ufige Fragen zu Carbonfasern | Toray Carbon Fibers Europe","og_description":"Antworten auf h\u00e4ufige Fragen zu Torayca\u00ae Kohlenstofffaser und Verbundwerkstoffen. Erfahren Sie mehr \u00fcber Anwendungen, Vorteile und Nachhaltigkeit.","og_url":"https:\/\/toray-cfe.com\/de\/faq-frequently-asked-questions\/","og_site_name":"Toray","article_modified_time":"2025-10-16T14:42:40+00:00","twitter_card":"summary_large_image","twitter_misc":{"Gesch\u00e4tzte Lesezeit":"4\u00a0Minuten"},"schema":{"@context":"https:\/\/schema.org","@graph":[{"@type":"WebPage","@id":"https:\/\/toray-cfe.com\/de\/faq-frequently-asked-questions\/","url":"https:\/\/toray-cfe.com\/de\/faq-frequently-asked-questions\/","name":"FAQ \u2013 H\u00e4ufige Fragen zu Carbonfasern | Toray Carbon Fibers Europe","isPartOf":{"@id":"https:\/\/toray-cfe.com\/de\/#website"},"datePublished":"2020-06-26T10:02:01+00:00","dateModified":"2025-10-16T14:42:40+00:00","description":"Antworten auf h\u00e4ufige Fragen zu Torayca\u00ae Kohlenstofffaser und Verbundwerkstoffen. Erfahren Sie mehr \u00fcber Anwendungen, Vorteile und Nachhaltigkeit.","breadcrumb":{"@id":"https:\/\/toray-cfe.com\/de\/faq-frequently-asked-questions\/#breadcrumb"},"inLanguage":"de","potentialAction":[{"@type":"ReadAction","target":["https:\/\/toray-cfe.com\/de\/faq-frequently-asked-questions\/"]}]},{"@type":"BreadcrumbList","@id":"https:\/\/toray-cfe.com\/de\/faq-frequently-asked-questions\/#breadcrumb","itemListElement":[{"@type":"ListItem","position":1,"name":"Startseite","item":"https:\/\/toray-cfe.com\/de\/"},{"@type":"ListItem","position":2,"name":"FAQ \/ Frequently Asked Questions"}]},{"@type":"WebSite","@id":"https:\/\/toray-cfe.com\/de\/#website","url":"https:\/\/toray-cfe.com\/de\/","name":"Toray","description":"","publisher":{"@id":"https:\/\/toray-cfe.com\/de\/#organization"},"potentialAction":[{"@type":"SearchAction","target":{"@type":"EntryPoint","urlTemplate":"https:\/\/toray-cfe.com\/de\/?s={search_term_string}"},"query-input":{"@type":"PropertyValueSpecification","valueRequired":true,"valueName":"search_term_string"}}],"inLanguage":"de"},{"@type":"Organization","@id":"https:\/\/toray-cfe.com\/de\/#organization","name":"Toray Carbon Fibers Europe","url":"https:\/\/toray-cfe.com\/de\/","logo":{"@type":"ImageObject","inLanguage":"de","@id":"https:\/\/toray-cfe.com\/de\/#\/schema\/logo\/image\/","url":"https:\/\/toray-cfe.com\/wp-content\/uploads\/2020\/12\/logo-toray.svg","contentUrl":"https:\/\/toray-cfe.com\/wp-content\/uploads\/2020\/12\/logo-toray.svg","width":178,"height":63,"caption":"Toray Carbon Fibers Europe"},"image":{"@id":"https:\/\/toray-cfe.com\/de\/#\/schema\/logo\/image\/"},"sameAs":["https:\/\/www.linkedin.com\/company\/toray-carbon-fibers"]}]}},"_links":{"self":[{"href":"https:\/\/toray-cfe.com\/de\/wp-json\/wp\/v2\/pages\/2005","targetHints":{"allow":["GET"]}}],"collection":[{"href":"https:\/\/toray-cfe.com\/de\/wp-json\/wp\/v2\/pages"}],"about":[{"href":"https:\/\/toray-cfe.com\/de\/wp-json\/wp\/v2\/types\/page"}],"author":[{"embeddable":true,"href":"https:\/\/toray-cfe.com\/de\/wp-json\/wp\/v2\/users\/1"}],"replies":[{"embeddable":true,"href":"https:\/\/toray-cfe.com\/de\/wp-json\/wp\/v2\/comments?post=2005"}],"version-history":[{"count":2,"href":"https:\/\/toray-cfe.com\/de\/wp-json\/wp\/v2\/pages\/2005\/revisions"}],"predecessor-version":[{"id":4424,"href":"https:\/\/toray-cfe.com\/de\/wp-json\/wp\/v2\/pages\/2005\/revisions\/4424"}],"wp:attachment":[{"href":"https:\/\/toray-cfe.com\/de\/wp-json\/wp\/v2\/media?parent=2005"}],"curies":[{"name":"wp","href":"https:\/\/api.w.org\/{rel}","templated":true}]}}