{"id":2044,"date":"2020-06-26T12:01:51","date_gmt":"2020-06-26T10:01:51","guid":{"rendered":"https:\/\/preprod.toray-cfe.com\/glossaire\/"},"modified":"2021-05-26T11:26:28","modified_gmt":"2021-05-26T09:26:28","slug":"glossar","status":"publish","type":"page","link":"https:\/\/toray-cfe.com\/de\/glossar\/","title":{"rendered":"Glossar"},"content":{"rendered":"<div class=\"wpb-content-wrapper\"><p>[vc_row css_animation=&#8220;&#8220; row_type=&#8220;row&#8220; use_row_as_full_screen_section=&#8220;no&#8220; type=&#8220;full_width&#8220; angled_section=&#8220;no&#8220; text_align=&#8220;left&#8220; background_image_as_pattern=&#8220;without_pattern&#8220; el_class=&#8220;padding-content&#8220; z_index=&#8220;&#8220;][vc_column][vc_column_text el_class=&#8220;fil-ariane&#8220;]<span><span><a href=\"https:\/\/toray-cfe.com\/de\/\">Startseite<\/a><\/span><\/span>[\/vc_column_text][\/vc_column][\/vc_row][vc_row css_animation=&#8220;&#8220; row_type=&#8220;row&#8220; use_row_as_full_screen_section=&#8220;no&#8220; type=&#8220;full_width&#8220; angled_section=&#8220;no&#8220; text_align=&#8220;left&#8220; background_image_as_pattern=&#8220;without_pattern&#8220; el_class=&#8220;padding-content solution-page-enfant faq-content edocument-content&#8220; z_index=&#8220;&#8220; anchor=&#8220;fiches-techniques&#8220;][vc_column width=&#8220;2\/3&#8243;][vc_column_text]<\/p>\n<h1>Glossaire<\/h1>\n<p>[\/vc_column_text][vc_column_text el_class=&#8220;tableau tableau-glossaire&#8220;]<\/p>\n<table>\n<thead>\n<tr>\n<td>English<\/td>\n<td>Fran\u00e7ais<\/td>\n<td>Deutsch<\/td>\n<\/tr>\n<\/thead>\n<tbody>\n<tr>\n<td><strong>Carbonisation<\/strong><\/p>\n<p>The thermal process whereby oxidized polyacrylonitrile fibre is heated to a temperature of 1200 \u2013 1500\u00b0C in an inert atmosphere, in order to obtain the chemical structure of carbon fibre.<\/td>\n<td><strong>La carbonisation<\/strong><\/p>\n<p>Le proc\u00e9d\u00e9 thermique au cours duquel la fibre de polyacrylonitrile oxyd\u00e9e est port\u00e9e \u00e0 une temp\u00e9rature entre 1200 et 1500\u00b0C sous atmosph\u00e8re inerte afin d\u2019obtenir la structure chimique de la fibre de carbone.<\/td>\n<td><strong>Karbonisierung<\/strong><\/p>\n<p>Thermischer Prozess, bei dem oxidierte Polyacrylnitril-Fasern auf eine Temperatur von 1.200 bis 1.500\u00b0C in einer Inertumgasgebung erhitzt werden, wodurch die Kohlenstofffaser bzw. Carbonfaser ihre chemische Struktur erh\u00e4lt.<\/td>\n<\/tr>\n<tr>\n<td><strong>CFRP (Carbon Fibre Reinforced Plastics)<\/strong><\/p>\n<p>A composite material consisting of carbon fibre as the primary reinforcement within a polymer matrix. The mechanical and physical properties of CFRP will depend upon both the type of matrix and carbon fibre used.<\/td>\n<td><strong>CFRP (Polym\u00e8re renforc\u00e9 de fibres de carbone)<\/strong><\/p>\n<p>Il s\u2019agit d\u2019un mat\u00e9riau composite constitu\u00e9 d\u2019un renfort en fibre de carbone et d\u2019une matrice polym\u00e8re. Les caract\u00e9ristiques m\u00e9caniques et physiques de ce composite d\u00e9pendent \u00e0 la fois du type de matrice et de la fibre de carbone utilis\u00e9s.<\/td>\n<td><strong>CFK (Kohlenstofffaserverst\u00e4rkte Kunststoffe)<\/strong><\/p>\n<p>Kohlenstofffaserverst\u00e4rkte Kunststoffe bestehen aus Verst\u00e4rkungsfasern, die in eine Kunststoffmatrix eingebettet sind.. Die Eigenschaften der Carbonfasern und des Matrixmaterials bestimmen die mechanischen und physikalischen Eigenschaften des entstehenden CFK-Werkstoffs.<\/td>\n<\/tr>\n<tr>\n<td><strong>Elongation<\/strong><\/p>\n<p>The increase in length of a material during a tensile test, expressed as a percentage of the original length.<\/td>\n<td><strong>Allongement<\/strong><\/p>\n<p>L\u2019augmentation de longueur d\u2019un mat\u00e9riau lors d\u2019un test de traction. Elle est exprim\u00e9e en pourcentage de la longueur originelle.<\/td>\n<td><strong>Dehnung<\/strong><\/p>\n<p>Positive L\u00e4ngen\u00e4nderung eines Materials im Rahmen eines Zugversuchs. Die Dehnung wird in Prozent zur urspr\u00fcnglichen L\u00e4nge ausgedr\u00fcckt.<\/td>\n<\/tr>\n<tr>\n<td><strong>Graphitisation<\/strong>The heat-treatment process applied after carbonisation, to obtain a high modulus carbon fibre. Carbon fibre is heated to 2000 to 3000\u00b0c in an inert atmosphere.<\/td>\n<td><strong>Graphitisation<\/strong><\/p>\n<p>Le traitement thermique apr\u00e8s l\u2019\u00e9tape de carbonisation n\u00e9cessaire \u00e0 l\u2019obtention d\u2019une fibre de carbone haut module. La fibre de carbone est soumise \u00e0 des temp\u00e9ratures entre 2 000 et 3000\u00b0c sous atmosph\u00e8re inerte.<\/td>\n<td><strong>Graphitisierung<\/strong><\/p>\n<p>Thermischer Prozess im Anschluss an die Karbonisierung, durch den eine Hochmodul-Carbonfaser erhalten wird. Die Carbonfaser wird Temperaturen zwischen 2.000 und 3.00 0\u00b0C in einer Inertumgasgebung ausgesetzt.<\/td>\n<\/tr>\n<tr>\n<td><strong>\u2018HS\u2019 Carbon Fibre<\/strong><\/p>\n<p>Stands for High Strength Carbon Fibre with a standard modulus of between 230 and 280 GPa.<\/td>\n<td><strong>Fibres de carbone \u00ab HS \u00bb<\/strong><\/p>\n<p>Il s\u2019agit de fibres de carbone ayant une haute r\u00e9sistance (\u00ab High Strength \u00bb) \u00e0 la traction et un module standard compris entre 230 et 280 GPa.<\/td>\n<td><strong>Hochfeste Carbonfasern<\/strong><\/p>\n<p>Hochfeste Carbonfasern weisen eine hohe Zugfestigkeit (High Tenacity) und einen E-Modul zwischen 230 und 280 GPa auf.<\/td>\n<\/tr>\n<tr>\n<td><strong>\u2018IM\u2019 Carbon Fibre<\/strong><\/p>\n<p>Stands for Intermediate Modulus carbon fibre with a standard modulus of between 280 to 340 GPa.<\/td>\n<td><strong>Fibres de carbone \u00ab IM \u00bb<\/strong><\/p>\n<p>Il s\u2019agit de fibres de carbone ayant un module interm\u00e9diaire compris entre 280 et 340 GPa.<\/td>\n<td><strong>IM-Carbonfasern (mittlerer Modul)<\/strong><\/p>\n<p>IM-Carbonfasern weisen einen mittleren E-Modul zwischen 280 und 340 GPa auf.<\/td>\n<\/tr>\n<tr>\n<td><strong>\u2018HM\u2019 Carbon Fibre<\/strong><\/p>\n<p>Stands for High Modulus carbon fibre with a standard modulus from 340 GPa upwards.<\/td>\n<td><strong>Fibres de carbone \u00ab HM \u00bb<\/strong><\/p>\n<p>Il s\u2019agit de fibres de carbone haut module sup\u00e9rieur \u00e0 340 GPa.<\/td>\n<td><strong>HM-Carbonfasern (Hochmodulfasern)<\/strong><\/p>\n<p>Hochmodulige Fasern weisen einen E-Modul von mehr als 340 GPa auf.<\/td>\n<\/tr>\n<tr>\n<td><strong>Elastic Modulus<\/strong><\/p>\n<p>Defines a material\u2019s modulus of elasticity. It is equal to the longitudinal stress divided by the strain.<\/td>\n<td><strong>Module d\u2019\u00e9lasticit\u00e9<\/strong><\/p>\n<p>Il caract\u00e9rise le module d\u2019\u00e9lasticit\u00e9 d\u2019un mat\u00e9riau. Il s\u2019agit du rapport entre l\u2019allongement d\u2019un mat\u00e9riau et la contrainte qui cause cette d\u00e9formation.<\/td>\n<td><strong>Elastizit\u00e4tsmodul<\/strong><\/p>\n<p>Dient der Bestimmung der Elastizit\u00e4t eines Materials. Der E-Modul beschreibt den proportionalen Zusammenhang zwischen Spannung und Dehnung bei der Verformung eines Materials.<\/td>\n<\/tr>\n<tr>\n<td><strong>PAN<\/strong><\/p>\n<p>The acronym for polyacrylonitrile, the raw material (precursor) for our carbon fibres.<\/td>\n<td><strong>PAN<\/strong><\/p>\n<p>L\u2019acronyme de polyacrylonitrile, la mati\u00e8re premi\u00e8re (pr\u00e9curseur) utilis\u00e9e pour nos fibres de carbone.<\/td>\n<td><strong>PAN<\/strong><\/p>\n<p>PAN ist das Akronym f\u00fcr Polyacrylnitril, dem f\u00fcr die Herstellung unserer Carbonfasern verwendetem Vorgarn (Precursor).<\/td>\n<\/tr>\n<tr>\n<td><strong>Tensile Strength<\/strong><\/p>\n<p>The maximum stress that a material can undergo before failure.<\/td>\n<td><strong>R\u00e9sistance \u00e0 la traction<\/strong><\/p>\n<p>Il s\u2019agit de la contrainte maximale qu\u2019un mat\u00e9riau peut supporter avant de se rompre.<\/td>\n<td><strong>Zugfestigkeit<\/strong><\/p>\n<p>Die Zugfestigkeit beschreibt die maximale Zugspannung, die ein Material aushalten kann, bis es zum Bruch kommt.<\/td>\n<\/tr>\n<tr>\n<td><strong>Sizing<\/strong><\/p>\n<p>A polymer applied to the surface of carbon fibre filaments.<br \/>\nIt improves handling by protecting the filaments against friction.<br \/>\nIt also bonds chemically the filaments to the matrix.<\/td>\n<td><strong>Ensimage<\/strong><\/p>\n<p>Le polym\u00e8re appliqu\u00e9 en surface des filaments de la fibre de carbone.<br \/>\nIl facilite sa mise en \u0153uvre en prot\u00e9geant les filaments de l\u2019abrasion.<br \/>\nIl lie chimiquement les filaments \u00e0 la matrice.<\/td>\n<td><strong>Beschlichtung<\/strong><\/p>\n<p>Die Schlichte ist ein Polymer, das auf die Carbonfasern appliziert wird.<br \/>\nSie dient der besseren Haftung, indem sie die Filamente vor Abrieb sch\u00fctzt.<br \/>\nSie sorgt f\u00fcr die chemische Anbindung von Faser und Matrix.<\/td>\n<\/tr>\n<tr>\n<td><strong>Matrix<\/strong><\/p>\n<p>In a composite material, the matrix provides a medium for binding fibres together. It transfers mechanical force to the fibre reinforcement and protects it from its environment.<\/td>\n<td><strong>Matrice<\/strong><\/p>\n<p>Dans un mat\u00e9riau composite, la matrice transmet les efforts m\u00e9caniques au renfort. Elle prot\u00e8ge \u00e9galement le renfort de son environnement.<\/td>\n<td><strong>Matrix<\/strong><\/p>\n<p>In einem Verbundwerkstoff dient die Matrix als Einbettungsmaterial f\u00fcr die Fasern. Sie \u00fcbertr\u00e4gt mechanische Kr\u00e4fte auf die Verst\u00e4rkung und sch\u00fctzt die Fasern.<\/td>\n<\/tr>\n<tr>\n<td><strong>Surface Treatment<\/strong><\/p>\n<p>At the end of the production process, an electrochemical treatment is applied to oxidize partially the carbon fibre\u2019s surface. This improves the bonding between the fibre and the sizing.<\/td>\n<td><strong>Traitement de surface<\/strong><\/p>\n<p>A la fin du proc\u00e9d\u00e9 de production, il s\u2019agit d\u2019un traitement \u00e9lectrochimique qui oxyde partiellement la surface de la fibre de carbone. Cela permet une meilleure adh\u00e9sion de l\u2019ensimage.<\/td>\n<td><strong>Oberfl\u00e4chenbehandlung<\/strong><\/p>\n<p>Zu Ende des Fertigungsprozesses erfolgt eine elektrochemische Behandlung, bei der die Oberfl\u00e4che der Carbonfaser teilweise oxidiert wird. Die elektrochemische Aktivierung der Faser dient der besseren Haftung zwischen Faser und Schlichte.<\/td>\n<\/tr>\n<tr>\n<td><strong>Regular Tow &amp; Large Tow<\/strong><\/p>\n<p>Refers to the number of carbon fibre filaments in a fibre strand.<br \/>\nRegular tow has up to 36 000 filaments (36 K). Large tow starts at 48 000 filaments (48 K).<\/td>\n<td><strong>\u00ab Regular tow \u00bb &amp; \u00ab Large tow \u00bb<\/strong><\/p>\n<p>Il s\u2019agit de la classification des fibres de carbone selon le nombre de filaments constituant la fibre (m\u00e8che).<br \/>\nLe terme \u00ab regular tow \u00bb qualifie une m\u00e8che jusqu\u2019\u00e0 36 000 (36 K) filaments.<br \/>\nLe terme \u00ab large tow \u00bb qualifie une m\u00e8che \u00e0 partir de 48 000 filaments (48 K).<\/td>\n<td><strong>Regular tow &amp; Large tow<\/strong><\/p>\n<p>Bezeichnet die Einordnung von Carbonfasen je nach Anzahl der Filamente, aus denen die Faser (Strang) besteht.<br \/>\nDer Begriff \u201eregular tow\u201c steht f\u00fcr einen Strang mit max. 36.000 (36 K) Filamenten.<br \/>\nDer Begriff \u201elarge tow\u201c steht f\u00fcr einen Strang mit mehr als 48.000 (48 K) Filamenten.<\/td>\n<\/tr>\n<tr>\n<td><strong>Yield<\/strong><\/p>\n<p>Refers to the linear weight of the carbon fibre. It is usually measured in grams per 1000 metres.<\/td>\n<td><strong>Poids au m\u00e8tre<\/strong><\/p>\n<p>D\u00e9signe la masse lin\u00e9ique de la fibre de carbone (g\u00e9n\u00e9ralement en grammes par 1000 m\u00e8tres)<\/td>\n<td><strong>Gewicht pro Meter (Yield)<\/strong><\/p>\n<p>Bezeichnet das Lineargewicht von Carbonfasern (i.A. in Gramm pro 1.000 m)<\/td>\n<\/tr>\n<tr>\n<td><strong>Specific Modulus<\/strong><\/p>\n<p>Refers to the elastic modulus divided by the density.<\/td>\n<td><strong>Module sp\u00e9cifique<\/strong><\/p>\n<p>Le module d\u2019\u00e9lasticit\u00e9 divis\u00e9 par la densit\u00e9.<\/td>\n<td><strong>Spezifischer E-Modul<\/strong><\/p>\n<p>Elastizit\u00e4tsmodul geteilt durch die Dichte<\/td>\n<\/tr>\n<tr>\n<td><strong>Specific Tensile Strength<\/strong><\/p>\n<p>Refers to the tensile strength divided by the density.<\/td>\n<td><strong>R\u00e9sistance sp\u00e9cifique \u00e0 la traction<\/strong><\/p>\n<p>R\u00e9sistance \u00e0 la traction par la densit\u00e9.<\/td>\n<td><strong>Spezifische Zugfestigkeit<\/strong><\/p>\n<p>Zugfestigkeit geteilt durch die Dichte.<\/td>\n<\/tr>\n<tr>\n<td><strong>Twisted\/untwisted and never twisted fibre<\/strong><\/p>\n<p>Some carbon fibres are twisted during the production process. It is possible to untwist these fibres afterwards.<br \/>\nTwisted and untwisted carbon fibres have an oval cross-section.<\/p>\n<p>When carbon fibres are not twisted in the manufacturing process, they are called \u2018never twisted\u2019 fibres. Their cross-section is flat.<\/td>\n<td><strong>Fibre torsad\u00e9e\/d\u00e9torsad\u00e9e et fibre plate<\/strong><\/p>\n<p>Au cours du proc\u00e9d\u00e9 de production, certaines fibres de carbone peuvent \u00eatre torsad\u00e9es. Cette torsion peut \u00eatre enlev\u00e9e a posteriori par une op\u00e9ration de d\u00e9torsadage.<br \/>\nLes fibres torsad\u00e9es et d\u00e9torsad\u00e9es ont alors une section de m\u00e8che ovale.<\/p>\n<p>Lorsque la fibre de carbone n\u2019est pas torsad\u00e9e lors de sa fabrication, on parle alors de fibre plate.<\/td>\n<td><strong>Geflochtene\/entflochtene und ungeflochtene Fasern<\/strong>W\u00e4hrend des Fertigungsprozesses k\u00f6nnen Carbonfasern geflochten werden. Diese Flechtung kann im Nachhinein entflochten werden.<br \/>\nGeflochtente und entflochtene Fasern weisen einen ovalen Querschnitt auf.Wird die Carbonfaser w\u00e4hrend der Herstellung nicht geflochten, wird sie als ungeflochtene Faser bezeichnet, die einen flachen Querschnitt aufweist.<\/td>\n<\/tr>\n<tr>\n<td><strong>Lot<\/strong><\/p>\n<p>Refers to a batch of carbon fibre made using the same creel of PAN precursor carbonized under one specific set of production parameters.<\/td>\n<td><strong>Lot<\/strong><\/p>\n<p>D\u00e9signe un lot de fibres de carbone fabriqu\u00e9 \u00e0 partir d\u2019une m\u00eame encantr\u00e9e de PAN carbonis\u00e9e suivant des conditions proc\u00e9d\u00e9s sp\u00e9cifiques.<\/td>\n<td><strong>Fertigungslos<\/strong><\/p>\n<p>Bezeichnet ein Los von Carbonfasern, das aus karbonisiertem PAN-Precursormatrial, das einem Spulengatter entnommen wird, nach spezifischen Vorgaben hergestellt wird.<\/td>\n<\/tr>\n<\/tbody>\n<\/table>\n<p>[\/vc_column_text][\/vc_column][vc_column width=&#8220;1\/3&#8243; el_class=&#8220;sidebar-page&#8220;][vc_row_inner row_type=&#8220;row&#8220; type=&#8220;full_width&#8220; text_align=&#8220;left&#8220; css_animation=&#8220;&#8220; el_class=&#8220;border-block&#8220; css=&#8220;.vc_custom_1595595145498{border-top-width: 1px !important;border-right-width: 1px !important;border-bottom-width: 1px !important;border-left-width: 1px !important;border-left-color: #979797 !important;border-left-style: solid !important;border-right-color: #979797 !important;border-right-style: solid !important;border-top-color: #979797 !important;border-top-style: solid !important;border-bottom-color: #979797 !important;border-bottom-style: solid !important;}&#8220;][vc_column_inner][vc_widget_sidebar sidebar_id=&#8220;E-Documents &#8211; page&#8220;][\/vc_column_inner][\/vc_row_inner][\/vc_column][\/vc_row]<\/p>\n<\/div>","protected":false},"excerpt":{"rendered":"<p>[vc_row css_animation=&#8220;&#8220; row_type=&#8220;row&#8220; use_row_as_full_screen_section=&#8220;no&#8220; type=&#8220;full_width&#8220; angled_section=&#8220;no&#8220; text_align=&#8220;left&#8220; background_image_as_pattern=&#8220;without_pattern&#8220; el_class=&#8220;padding-content&#8220; z_index=&#8220;&#8220;][vc_column][vc_column_text el_class=&#8220;fil-ariane&#8220;][\/vc_column_text][\/vc_column][\/vc_row][vc_row css_animation=&#8220;&#8220; row_type=&#8220;row&#8220; use_row_as_full_screen_section=&#8220;no&#8220; type=&#8220;full_width&#8220; angled_section=&#8220;no&#8220; text_align=&#8220;left&#8220; background_image_as_pattern=&#8220;without_pattern&#8220; el_class=&#8220;padding-content solution-page-enfant faq-content edocument-content&#8220; z_index=&#8220;&#8220; anchor=&#8220;fiches-techniques&#8220;][vc_column width=&#8220;2\/3&#8243;][vc_column_text] Glossaire [\/vc_column_text][vc_column_text el_class=&#8220;tableau tableau-glossaire&#8220;] English Fran\u00e7ais Deutsch Carbonisation The thermal process whereby oxidized polyacrylonitrile fibre&#8230;<\/p>\n","protected":false},"author":1,"featured_media":0,"parent":0,"menu_order":0,"comment_status":"closed","ping_status":"closed","template":"full_width.php","meta":{"_acf_changed":false,"footnotes":""},"class_list":["post-2044","page","type-page","status-publish","hentry"],"acf":[],"yoast_head":"<!-- This site is optimized with the Yoast SEO plugin v27.0 - https:\/\/yoast.com\/product\/yoast-seo-wordpress\/ -->\n<title>Carbonfasern und Verbundwerkstoffe: Unser Online-Glossar<\/title>\n<meta name=\"description\" content=\"Kohlenstofffaser, E-Modul, Schlichte, Oberfl\u00e4chenbehandlung, Graphitieren, Karbonisieren: unser Glossar steht auf Franz\u00f6sisch, Englisch und Deutsch zur Verf\u00fcgung.\" \/>\n<meta name=\"robots\" content=\"index, follow, max-snippet:-1, max-image-preview:large, max-video-preview:-1\" \/>\n<link rel=\"canonical\" href=\"https:\/\/toray-cfe.com\/de\/glossar\/\" \/>\n<meta property=\"og:locale\" content=\"de_DE\" \/>\n<meta property=\"og:type\" content=\"article\" \/>\n<meta property=\"og:title\" content=\"Carbonfasern und Verbundwerkstoffe: Unser Online-Glossar\" \/>\n<meta property=\"og:description\" content=\"Kohlenstofffaser, E-Modul, Schlichte, Oberfl\u00e4chenbehandlung, Graphitieren, Karbonisieren: unser Glossar steht auf Franz\u00f6sisch, Englisch und Deutsch zur Verf\u00fcgung.\" \/>\n<meta property=\"og:url\" content=\"https:\/\/toray-cfe.com\/de\/glossar\/\" \/>\n<meta property=\"og:site_name\" content=\"Toray\" \/>\n<meta property=\"article:modified_time\" content=\"2021-05-26T09:26:28+00:00\" \/>\n<meta name=\"twitter:card\" content=\"summary_large_image\" \/>\n<meta name=\"twitter:label1\" content=\"Gesch\u00e4tzte Lesezeit\" \/>\n\t<meta name=\"twitter:data1\" content=\"8\u00a0Minuten\" \/>\n<script type=\"application\/ld+json\" class=\"yoast-schema-graph\">{\"@context\":\"https:\/\/schema.org\",\"@graph\":[{\"@type\":\"WebPage\",\"@id\":\"https:\/\/toray-cfe.com\/de\/glossar\/\",\"url\":\"https:\/\/toray-cfe.com\/de\/glossar\/\",\"name\":\"Carbonfasern und Verbundwerkstoffe: Unser Online-Glossar\",\"isPartOf\":{\"@id\":\"https:\/\/toray-cfe.com\/de\/#website\"},\"datePublished\":\"2020-06-26T10:01:51+00:00\",\"dateModified\":\"2021-05-26T09:26:28+00:00\",\"description\":\"Kohlenstofffaser, E-Modul, Schlichte, Oberfl\u00e4chenbehandlung, Graphitieren, Karbonisieren: unser Glossar steht auf Franz\u00f6sisch, Englisch und Deutsch zur Verf\u00fcgung.\",\"breadcrumb\":{\"@id\":\"https:\/\/toray-cfe.com\/de\/glossar\/#breadcrumb\"},\"inLanguage\":\"de\",\"potentialAction\":[{\"@type\":\"ReadAction\",\"target\":[\"https:\/\/toray-cfe.com\/de\/glossar\/\"]}]},{\"@type\":\"BreadcrumbList\",\"@id\":\"https:\/\/toray-cfe.com\/de\/glossar\/#breadcrumb\",\"itemListElement\":[{\"@type\":\"ListItem\",\"position\":1,\"name\":\"Startseite\",\"item\":\"https:\/\/toray-cfe.com\/de\/\"},{\"@type\":\"ListItem\",\"position\":2,\"name\":\"Glossar\"}]},{\"@type\":\"WebSite\",\"@id\":\"https:\/\/toray-cfe.com\/de\/#website\",\"url\":\"https:\/\/toray-cfe.com\/de\/\",\"name\":\"Toray\",\"description\":\"\",\"publisher\":{\"@id\":\"https:\/\/toray-cfe.com\/de\/#organization\"},\"potentialAction\":[{\"@type\":\"SearchAction\",\"target\":{\"@type\":\"EntryPoint\",\"urlTemplate\":\"https:\/\/toray-cfe.com\/de\/?s={search_term_string}\"},\"query-input\":{\"@type\":\"PropertyValueSpecification\",\"valueRequired\":true,\"valueName\":\"search_term_string\"}}],\"inLanguage\":\"de\"},{\"@type\":\"Organization\",\"@id\":\"https:\/\/toray-cfe.com\/de\/#organization\",\"name\":\"Toray Carbon Fibers Europe\",\"url\":\"https:\/\/toray-cfe.com\/de\/\",\"logo\":{\"@type\":\"ImageObject\",\"inLanguage\":\"de\",\"@id\":\"https:\/\/toray-cfe.com\/de\/#\/schema\/logo\/image\/\",\"url\":\"https:\/\/toray-cfe.com\/wp-content\/uploads\/2020\/12\/logo-toray.svg\",\"contentUrl\":\"https:\/\/toray-cfe.com\/wp-content\/uploads\/2020\/12\/logo-toray.svg\",\"width\":178,\"height\":63,\"caption\":\"Toray Carbon Fibers Europe\"},\"image\":{\"@id\":\"https:\/\/toray-cfe.com\/de\/#\/schema\/logo\/image\/\"},\"sameAs\":[\"https:\/\/www.linkedin.com\/company\/toray-carbon-fibers\"]}]}<\/script>\n<!-- \/ Yoast SEO plugin. -->","yoast_head_json":{"title":"Carbonfasern und Verbundwerkstoffe: Unser Online-Glossar","description":"Kohlenstofffaser, E-Modul, Schlichte, Oberfl\u00e4chenbehandlung, Graphitieren, Karbonisieren: unser Glossar steht auf Franz\u00f6sisch, Englisch und Deutsch zur Verf\u00fcgung.","robots":{"index":"index","follow":"follow","max-snippet":"max-snippet:-1","max-image-preview":"max-image-preview:large","max-video-preview":"max-video-preview:-1"},"canonical":"https:\/\/toray-cfe.com\/de\/glossar\/","og_locale":"de_DE","og_type":"article","og_title":"Carbonfasern und Verbundwerkstoffe: Unser Online-Glossar","og_description":"Kohlenstofffaser, E-Modul, Schlichte, Oberfl\u00e4chenbehandlung, Graphitieren, Karbonisieren: unser Glossar steht auf Franz\u00f6sisch, Englisch und Deutsch zur Verf\u00fcgung.","og_url":"https:\/\/toray-cfe.com\/de\/glossar\/","og_site_name":"Toray","article_modified_time":"2021-05-26T09:26:28+00:00","twitter_card":"summary_large_image","twitter_misc":{"Gesch\u00e4tzte Lesezeit":"8\u00a0Minuten"},"schema":{"@context":"https:\/\/schema.org","@graph":[{"@type":"WebPage","@id":"https:\/\/toray-cfe.com\/de\/glossar\/","url":"https:\/\/toray-cfe.com\/de\/glossar\/","name":"Carbonfasern und Verbundwerkstoffe: Unser Online-Glossar","isPartOf":{"@id":"https:\/\/toray-cfe.com\/de\/#website"},"datePublished":"2020-06-26T10:01:51+00:00","dateModified":"2021-05-26T09:26:28+00:00","description":"Kohlenstofffaser, E-Modul, Schlichte, Oberfl\u00e4chenbehandlung, Graphitieren, Karbonisieren: unser Glossar steht auf Franz\u00f6sisch, Englisch und Deutsch zur Verf\u00fcgung.","breadcrumb":{"@id":"https:\/\/toray-cfe.com\/de\/glossar\/#breadcrumb"},"inLanguage":"de","potentialAction":[{"@type":"ReadAction","target":["https:\/\/toray-cfe.com\/de\/glossar\/"]}]},{"@type":"BreadcrumbList","@id":"https:\/\/toray-cfe.com\/de\/glossar\/#breadcrumb","itemListElement":[{"@type":"ListItem","position":1,"name":"Startseite","item":"https:\/\/toray-cfe.com\/de\/"},{"@type":"ListItem","position":2,"name":"Glossar"}]},{"@type":"WebSite","@id":"https:\/\/toray-cfe.com\/de\/#website","url":"https:\/\/toray-cfe.com\/de\/","name":"Toray","description":"","publisher":{"@id":"https:\/\/toray-cfe.com\/de\/#organization"},"potentialAction":[{"@type":"SearchAction","target":{"@type":"EntryPoint","urlTemplate":"https:\/\/toray-cfe.com\/de\/?s={search_term_string}"},"query-input":{"@type":"PropertyValueSpecification","valueRequired":true,"valueName":"search_term_string"}}],"inLanguage":"de"},{"@type":"Organization","@id":"https:\/\/toray-cfe.com\/de\/#organization","name":"Toray Carbon Fibers Europe","url":"https:\/\/toray-cfe.com\/de\/","logo":{"@type":"ImageObject","inLanguage":"de","@id":"https:\/\/toray-cfe.com\/de\/#\/schema\/logo\/image\/","url":"https:\/\/toray-cfe.com\/wp-content\/uploads\/2020\/12\/logo-toray.svg","contentUrl":"https:\/\/toray-cfe.com\/wp-content\/uploads\/2020\/12\/logo-toray.svg","width":178,"height":63,"caption":"Toray Carbon Fibers Europe"},"image":{"@id":"https:\/\/toray-cfe.com\/de\/#\/schema\/logo\/image\/"},"sameAs":["https:\/\/www.linkedin.com\/company\/toray-carbon-fibers"]}]}},"_links":{"self":[{"href":"https:\/\/toray-cfe.com\/de\/wp-json\/wp\/v2\/pages\/2044","targetHints":{"allow":["GET"]}}],"collection":[{"href":"https:\/\/toray-cfe.com\/de\/wp-json\/wp\/v2\/pages"}],"about":[{"href":"https:\/\/toray-cfe.com\/de\/wp-json\/wp\/v2\/types\/page"}],"author":[{"embeddable":true,"href":"https:\/\/toray-cfe.com\/de\/wp-json\/wp\/v2\/users\/1"}],"replies":[{"embeddable":true,"href":"https:\/\/toray-cfe.com\/de\/wp-json\/wp\/v2\/comments?post=2044"}],"version-history":[{"count":0,"href":"https:\/\/toray-cfe.com\/de\/wp-json\/wp\/v2\/pages\/2044\/revisions"}],"wp:attachment":[{"href":"https:\/\/toray-cfe.com\/de\/wp-json\/wp\/v2\/media?parent=2044"}],"curies":[{"name":"wp","href":"https:\/\/api.w.org\/{rel}","templated":true}]}}