{"id":3057,"date":"2023-02-20T14:50:24","date_gmt":"2023-02-20T13:50:24","guid":{"rendered":"https:\/\/preprod.toray-cfe.com\/declaration-de-confidentialite-ue\/"},"modified":"2024-02-14T17:12:42","modified_gmt":"2024-02-14T16:12:42","slug":"confidentiality-declaration-ue","status":"publish","type":"page","link":"https:\/\/toray-cfe.com\/en\/confidentiality-declaration-ue\/","title":{"rendered":"Confidentiality declaration (UE)"},"content":{"rendered":"<div class=\"wpb-content-wrapper\"><p>[vc_row css_animation=&#8221;&#8221; row_type=&#8221;row&#8221; use_row_as_full_screen_section=&#8221;no&#8221; type=&#8221;full_width&#8221; angled_section=&#8221;no&#8221; text_align=&#8221;left&#8221; background_image_as_pattern=&#8221;without_pattern&#8221; el_class=&#8221;padding-content&#8221; z_index=&#8221;&#8221;][vc_column][vc_column_text el_class=&#8221;fil-ariane&#8221;]<span><span><a href=\"https:\/\/toray-cfe.com\/en\/\">Home<\/a><\/span><\/span>[\/vc_column_text][\/vc_column][\/vc_row][vc_row css_animation=&#8221;&#8221; row_type=&#8221;row&#8221; use_row_as_full_screen_section=&#8221;no&#8221; type=&#8221;full_width&#8221; angled_section=&#8221;no&#8221; text_align=&#8221;left&#8221; background_image_as_pattern=&#8221;without_pattern&#8221; el_class=&#8221;padding-content page-simple&#8221; z_index=&#8221;&#8221;][vc_column][vc_column_text]<br \/>\n\n<!-- Legal document generated by Complianz | GDPR\/CCPA Cookie Consent https:\/\/wordpress.org\/plugins\/complianz-gdpr -->\n<div id=\"cmplz-document\" class=\"cmplz-document privacy-statement cmplz-document-eu\"><p><i>This privacy statement was last updated on 28 October 2025 and applies to citizens and legal permanent residents of the European Economic Area and Switzerland.<\/i><br \/><br \/><\/p><p><p>In this privacy statement, we explain what we do with the data we obtain about you via <a href=\"https:\/\/toray-cfe.com\/en\/\">https:\/\/toray-cfe.com\/en\/<\/a>. We recommend you carefully read this statement. In our processing we comply with the requirements of privacy legislation. That means, among other things, that:<\/p><ul>\n                <li>we clearly state the purposes for which we process personal data. We do this by means of this privacy statement;<\/li>\n                <li>we aim to limit our collection of personal data to only the personal data required for legitimate purposes;<\/li>\n                <li>we first request your explicit consent to process your personal data in cases requiring your consent;<\/li>\n                <li>we take appropriate security measures to protect your personal data and also require this from parties that process personal data on our behalf;<\/li>\n                <li>we respect your right to access your personal data or have it corrected or deleted, at your request.<\/li>\n            <\/ul><p>If you have any questions, or want to know exactly what data we keep of you, please contact us.<\/p><\/p><h2>1. Purpose, data and retention period<\/h2>We may collect or receive personal information for a number of purposes connected with our business operations which may include the following: (click to expand)<details class=\"cmplz-dropdown dropdown-privacy-statement\"><summary><div><h3>1.1 Contact - Through phone, mail, email and\/or webforms<\/h3><\/div><\/summary><p class=\"cmplz-subtitle\">For this purpose we use the following data:<\/p><p><ul><li>A telephone number<\/li><li>An email address<\/li><li>A first and last name<\/li><li>Date of birth<\/li><li>Marital status<\/li><li>A home or other physical address, including street name and name of a city or town<\/li><li>Sex<\/li><li>Photos<\/li><li>Social Media accounts<\/li><li>A signature<\/li><li>Education information<\/li><li>Professional or employment-related information<\/li><li>Employment history<\/li><\/ul><\/p><p class=\"cmplz-subtitle\">The basis on which we may process these data is:<\/p><p><a target=\"_blank\" rel=\"noopener noreferrer nofollow\" href=\"https:\/\/cookiedatabase.org\/legal-bases\/#consent\">Upon the provision of consent.<\/a><\/p><p class=\"cmplz-subtitle\">Retention period<\/p><p>We retain this data until the service is terminated.<\/p><\/details><h2>2. Sharing with other parties<\/h2><p>We only share or disclose this data to processors for the following purposes:<\/p><p class=\"cmplz-subtitle\">Processors<\/p><p><b>Name:<\/b>&nbsp;Offensive<br \/>\n            <b>Country:<\/b>&nbsp;France<br \/>\n            <b>Purpose:<\/b>&nbsp;Collecte de prospects<br \/>\n            <\/p><h2>3. Cookies<\/h2><p>Our website uses cookies. For more information about cookies, please refer to our <a href=\"https:\/\/toray-cfe.com\/en\/cookies-ue\/\">Cookie Policy<\/a>.&nbsp;<\/p><h2>4. Disclosure practices<\/h2><p><p>We disclose personal information if we are required by law or by a court order, in response to a law enforcement agency, to the extent permitted under other provisions of law, to provide information, or for an investigation on a matter related to public safety.<\/p><p>If our website or organisation is taken over, sold, or involved in a merger or acquisition, your details may be disclosed to our advisers and any prospective purchasers and will be passed on to the new owners.<\/p><\/p><h2>5. Security<\/h2><p>We are committed to the security of personal data. We take appropriate security measures to limit abuse of and unauthorized access to personal data. This ensures that only the necessary persons have access to your data, that access to the data is protected, and that our security measures are regularly reviewed.<\/p><h2>6. Third-party websites<\/h2><p>This privacy statement does not apply to third-party websites connected by links on our website. We cannot guarantee that these third parties handle your personal data in a reliable or secure manner. We recommend you read the privacy statements of these websites prior to making use of these websites.<\/p><h2>7. Amendments to this privacy statement<\/h2><p>We reserve the right to make amendments to this privacy statement. It is recommended that you consult this privacy statement regularly in order to be aware of any changes. In addition, we will actively inform you wherever possible.<\/p><h2>8. Accessing and modifying your data<\/h2><p>If you have any questions or want to know which personal data we have about you, please contact us. You can contact us by using the information below. You have the following rights:<\/p><ul>\n                <li>You have the right to know why your personal data is needed, what will happen to it, and how long it will be retained for.<\/li>\n                <li>Right of access: You have the right to access your personal data that is known to us.<\/li>\n                <li>Right to rectification: you have the right to supplement, correct, have deleted or blocked your personal data whenever you wish.<\/li>\n                <li>If you give us your consent to process your data, you have the right to revoke that consent and to have your personal data deleted.<\/li>\n                <li>Right to transfer your data: you have the right to request all your personal data from the controller and transfer it in its entirety to another controller.<\/li>\n                <li>Right to object: you may object to the processing of your data. We comply with this, unless there are justified grounds for processing.<\/li>\n            <\/ul><p>Please make sure to always clearly state who you are, so that we can be certain that we do not modify or delete any data of the wrong person.<\/p><h2>9. Submitting a complaint<\/h2><p>If you are not satisfied with the way in which we handle (a complaint about) the processing of your personal data, you have the right to submit a complaint to the Data Protection Authority.<\/p><h2>10. Contact details<\/h2><p>Toray<br \/>\n        Route DEPARTEMENTALE 817<br \/>\n64170 LACQ<br \/>\nFrance<br \/>\n        France<br \/>\n        Website: <a href=\"https:\/\/toray-cfe.com\/en\/\">https:\/\/toray-cfe.com\/en\/<\/a> <br \/>\n        Email: <span class=\"cmplz-obfuscate\">co&#109;p&#108;i&#097;&#110;&#099;&#101;.&#099;fe&#046;&#109;&#098;@<span class=\"cmplz-fmail-domain\">&#101;&#120;.c&#111;&#109;<\/span>&#109;ai&#108;&#046;&#116;o&#114;ay<\/span> <br \/>\n        Phone number: 05 59 60 71 00<\/p><h2>Annex<\/h2><p><h2>WPML<\/h2><p>WPML utilise des cookies pour identifier la langue actuelle du visiteur, la langue derni\u00e8rement consult\u00e9e et la langue des utilisateurs qui se sont connect\u00e9s.<\/p><p>Lorsque vous utilisez le plugin, WPML partagera des donn\u00e9es concernant le site \u00e0 travers Installer. Aucune donn\u00e9e concernant directement l'utilisateur ne sera partag\u00e9e.<\/p><h2>WPML Translation Management<\/h2><p>La Gestion de traduction WPML enverra l'adresse e-mail et le nom de chaque gestionnaire et traducteur assign\u00e9 ainsi que les contenus eux-m\u00eames \u00e0 l'\u00c9diteur de traduction avanc\u00e9 et aux services de traduction utilis\u00e9s.<\/p><h2>WPML String Translation<\/h2><p>La Traduction de cha\u00eene WPML enverra toutes les cha\u00eenes \u00e0 l'\u00c9diteur de traduction avanc\u00e9 de WPML et aux services de traduction utilis\u00e9s.<\/p><h2>Really Simple SSL<\/h2><p>Really Simple SSL et les modules Really Simple SSL ne traitent aucune information personnelle identifiable, de sorte que le RGPD ne s\u2019applique pas \u00e0 ces extensions ou \u00e0 l\u2019utilisation de ces extensions sur votre site web. Vous pouvez trouver notre politique de confidentialit\u00e9 <a href=\"https:\/\/really-simple-ssl.com\/privacy-statement\/\">ici<\/a>.<\/p><h2>&nbsp;<\/h2><\/p><\/div>[\/vc_column_text][\/vc_column][\/vc_row]<\/p>\n<\/div>","protected":false},"excerpt":{"rendered":"<p>[vc_row css_animation=&#8221;&#8221; row_type=&#8221;row&#8221; use_row_as_full_screen_section=&#8221;no&#8221; type=&#8221;full_width&#8221; angled_section=&#8221;no&#8221; text_align=&#8221;left&#8221; background_image_as_pattern=&#8221;without_pattern&#8221; el_class=&#8221;padding-content&#8221; z_index=&#8221;&#8221;][vc_column][vc_column_text el_class=&#8221;fil-ariane&#8221;][\/vc_column_text][\/vc_column][\/vc_row][vc_row css_animation=&#8221;&#8221; row_type=&#8221;row&#8221; use_row_as_full_screen_section=&#8221;no&#8221; type=&#8221;full_width&#8221; angled_section=&#8221;no&#8221; text_align=&#8221;left&#8221; background_image_as_pattern=&#8221;without_pattern&#8221; el_class=&#8221;padding-content page-simple&#8221; z_index=&#8221;&#8221;][vc_column][vc_column_text] [\/vc_column_text][\/vc_column][\/vc_row]<\/p>\n","protected":false},"author":1,"featured_media":0,"parent":0,"menu_order":0,"comment_status":"closed","ping_status":"closed","template":"full_width.php","meta":{"_acf_changed":false,"footnotes":""},"class_list":["post-3057","page","type-page","status-publish","hentry"],"acf":[],"yoast_head":"<!-- This site is optimized with the Yoast SEO plugin v27.0 - https:\/\/yoast.com\/product\/yoast-seo-wordpress\/ -->\n<title>Confidentiality declaration (UE) - Toray<\/title>\n<meta name=\"robots\" content=\"noindex, nofollow\" \/>\n<meta property=\"og:locale\" content=\"en_US\" \/>\n<meta property=\"og:type\" content=\"article\" \/>\n<meta property=\"og:title\" content=\"Confidentiality declaration (UE) - Toray\" \/>\n<meta property=\"og:description\" content=\"[vc_row css_animation=&#8221;&#8221; row_type=&#8221;row&#8221; use_row_as_full_screen_section=&#8221;no&#8221; type=&#8221;full_width&#8221; angled_section=&#8221;no&#8221; text_align=&#8221;left&#8221; background_image_as_pattern=&#8221;without_pattern&#8221; el_class=&#8221;padding-content&#8221; z_index=&#8221;&#8221;][vc_column][vc_column_text el_class=&#8221;fil-ariane&#8221;][\/vc_column_text][\/vc_column][\/vc_row][vc_row css_animation=&#8221;&#8221; row_type=&#8221;row&#8221; use_row_as_full_screen_section=&#8221;no&#8221; type=&#8221;full_width&#8221; angled_section=&#8221;no&#8221; text_align=&#8221;left&#8221; background_image_as_pattern=&#8221;without_pattern&#8221; el_class=&#8221;padding-content page-simple&#8221; z_index=&#8221;&#8221;][vc_column][vc_column_text] [\/vc_column_text][\/vc_column][\/vc_row]\" \/>\n<meta property=\"og:url\" content=\"https:\/\/toray-cfe.com\/en\/confidentiality-declaration-ue\/\" \/>\n<meta property=\"og:site_name\" content=\"Toray\" \/>\n<meta property=\"article:modified_time\" content=\"2024-02-14T16:12:42+00:00\" \/>\n<meta name=\"twitter:card\" content=\"summary_large_image\" \/>\n<meta name=\"twitter:label1\" content=\"Est. reading time\" \/>\n\t<meta name=\"twitter:data1\" content=\"1 minute\" \/>\n<script type=\"application\/ld+json\" class=\"yoast-schema-graph\">{\"@context\":\"https:\/\/schema.org\",\"@graph\":[{\"@type\":\"WebPage\",\"@id\":\"https:\/\/toray-cfe.com\/en\/confidentiality-declaration-ue\/\",\"url\":\"https:\/\/toray-cfe.com\/en\/confidentiality-declaration-ue\/\",\"name\":\"Confidentiality declaration (UE) - Toray\",\"isPartOf\":{\"@id\":\"https:\/\/toray-cfe.com\/en\/#website\"},\"datePublished\":\"2023-02-20T13:50:24+00:00\",\"dateModified\":\"2024-02-14T16:12:42+00:00\",\"breadcrumb\":{\"@id\":\"https:\/\/toray-cfe.com\/en\/confidentiality-declaration-ue\/#breadcrumb\"},\"inLanguage\":\"en-US\",\"potentialAction\":[{\"@type\":\"ReadAction\",\"target\":[\"https:\/\/toray-cfe.com\/en\/confidentiality-declaration-ue\/\"]}]},{\"@type\":\"BreadcrumbList\",\"@id\":\"https:\/\/toray-cfe.com\/en\/confidentiality-declaration-ue\/#breadcrumb\",\"itemListElement\":[{\"@type\":\"ListItem\",\"position\":1,\"name\":\"Home\",\"item\":\"https:\/\/toray-cfe.com\/en\/\"},{\"@type\":\"ListItem\",\"position\":2,\"name\":\"Confidentiality declaration (UE)\"}]},{\"@type\":\"WebSite\",\"@id\":\"https:\/\/toray-cfe.com\/en\/#website\",\"url\":\"https:\/\/toray-cfe.com\/en\/\",\"name\":\"Toray\",\"description\":\"\",\"publisher\":{\"@id\":\"https:\/\/toray-cfe.com\/en\/#organization\"},\"potentialAction\":[{\"@type\":\"SearchAction\",\"target\":{\"@type\":\"EntryPoint\",\"urlTemplate\":\"https:\/\/toray-cfe.com\/en\/?s={search_term_string}\"},\"query-input\":{\"@type\":\"PropertyValueSpecification\",\"valueRequired\":true,\"valueName\":\"search_term_string\"}}],\"inLanguage\":\"en-US\"},{\"@type\":\"Organization\",\"@id\":\"https:\/\/toray-cfe.com\/en\/#organization\",\"name\":\"Toray Carbon Fibers Europe\",\"url\":\"https:\/\/toray-cfe.com\/en\/\",\"logo\":{\"@type\":\"ImageObject\",\"inLanguage\":\"en-US\",\"@id\":\"https:\/\/toray-cfe.com\/en\/#\/schema\/logo\/image\/\",\"url\":\"https:\/\/toray-cfe.com\/wp-content\/uploads\/2020\/12\/logo-toray.svg\",\"contentUrl\":\"https:\/\/toray-cfe.com\/wp-content\/uploads\/2020\/12\/logo-toray.svg\",\"width\":178,\"height\":63,\"caption\":\"Toray Carbon Fibers Europe\"},\"image\":{\"@id\":\"https:\/\/toray-cfe.com\/en\/#\/schema\/logo\/image\/\"},\"sameAs\":[\"https:\/\/www.linkedin.com\/company\/toray-carbon-fibers\"]}]}<\/script>\n<!-- \/ Yoast SEO plugin. -->","yoast_head_json":{"title":"Confidentiality declaration (UE) - Toray","robots":{"index":"noindex","follow":"nofollow"},"og_locale":"en_US","og_type":"article","og_title":"Confidentiality declaration (UE) - Toray","og_description":"[vc_row css_animation=&#8221;&#8221; row_type=&#8221;row&#8221; use_row_as_full_screen_section=&#8221;no&#8221; type=&#8221;full_width&#8221; angled_section=&#8221;no&#8221; text_align=&#8221;left&#8221; background_image_as_pattern=&#8221;without_pattern&#8221; el_class=&#8221;padding-content&#8221; z_index=&#8221;&#8221;][vc_column][vc_column_text el_class=&#8221;fil-ariane&#8221;][\/vc_column_text][\/vc_column][\/vc_row][vc_row css_animation=&#8221;&#8221; row_type=&#8221;row&#8221; use_row_as_full_screen_section=&#8221;no&#8221; type=&#8221;full_width&#8221; angled_section=&#8221;no&#8221; text_align=&#8221;left&#8221; background_image_as_pattern=&#8221;without_pattern&#8221; el_class=&#8221;padding-content page-simple&#8221; z_index=&#8221;&#8221;][vc_column][vc_column_text] [\/vc_column_text][\/vc_column][\/vc_row]","og_url":"https:\/\/toray-cfe.com\/en\/confidentiality-declaration-ue\/","og_site_name":"Toray","article_modified_time":"2024-02-14T16:12:42+00:00","twitter_card":"summary_large_image","twitter_misc":{"Est. reading time":"1 minute"},"schema":{"@context":"https:\/\/schema.org","@graph":[{"@type":"WebPage","@id":"https:\/\/toray-cfe.com\/en\/confidentiality-declaration-ue\/","url":"https:\/\/toray-cfe.com\/en\/confidentiality-declaration-ue\/","name":"Confidentiality declaration (UE) - Toray","isPartOf":{"@id":"https:\/\/toray-cfe.com\/en\/#website"},"datePublished":"2023-02-20T13:50:24+00:00","dateModified":"2024-02-14T16:12:42+00:00","breadcrumb":{"@id":"https:\/\/toray-cfe.com\/en\/confidentiality-declaration-ue\/#breadcrumb"},"inLanguage":"en-US","potentialAction":[{"@type":"ReadAction","target":["https:\/\/toray-cfe.com\/en\/confidentiality-declaration-ue\/"]}]},{"@type":"BreadcrumbList","@id":"https:\/\/toray-cfe.com\/en\/confidentiality-declaration-ue\/#breadcrumb","itemListElement":[{"@type":"ListItem","position":1,"name":"Home","item":"https:\/\/toray-cfe.com\/en\/"},{"@type":"ListItem","position":2,"name":"Confidentiality declaration (UE)"}]},{"@type":"WebSite","@id":"https:\/\/toray-cfe.com\/en\/#website","url":"https:\/\/toray-cfe.com\/en\/","name":"Toray","description":"","publisher":{"@id":"https:\/\/toray-cfe.com\/en\/#organization"},"potentialAction":[{"@type":"SearchAction","target":{"@type":"EntryPoint","urlTemplate":"https:\/\/toray-cfe.com\/en\/?s={search_term_string}"},"query-input":{"@type":"PropertyValueSpecification","valueRequired":true,"valueName":"search_term_string"}}],"inLanguage":"en-US"},{"@type":"Organization","@id":"https:\/\/toray-cfe.com\/en\/#organization","name":"Toray Carbon Fibers Europe","url":"https:\/\/toray-cfe.com\/en\/","logo":{"@type":"ImageObject","inLanguage":"en-US","@id":"https:\/\/toray-cfe.com\/en\/#\/schema\/logo\/image\/","url":"https:\/\/toray-cfe.com\/wp-content\/uploads\/2020\/12\/logo-toray.svg","contentUrl":"https:\/\/toray-cfe.com\/wp-content\/uploads\/2020\/12\/logo-toray.svg","width":178,"height":63,"caption":"Toray Carbon Fibers Europe"},"image":{"@id":"https:\/\/toray-cfe.com\/en\/#\/schema\/logo\/image\/"},"sameAs":["https:\/\/www.linkedin.com\/company\/toray-carbon-fibers"]}]}},"_links":{"self":[{"href":"https:\/\/toray-cfe.com\/en\/wp-json\/wp\/v2\/pages\/3057","targetHints":{"allow":["GET"]}}],"collection":[{"href":"https:\/\/toray-cfe.com\/en\/wp-json\/wp\/v2\/pages"}],"about":[{"href":"https:\/\/toray-cfe.com\/en\/wp-json\/wp\/v2\/types\/page"}],"author":[{"embeddable":true,"href":"https:\/\/toray-cfe.com\/en\/wp-json\/wp\/v2\/users\/1"}],"replies":[{"embeddable":true,"href":"https:\/\/toray-cfe.com\/en\/wp-json\/wp\/v2\/comments?post=3057"}],"version-history":[{"count":0,"href":"https:\/\/toray-cfe.com\/en\/wp-json\/wp\/v2\/pages\/3057\/revisions"}],"wp:attachment":[{"href":"https:\/\/toray-cfe.com\/en\/wp-json\/wp\/v2\/media?parent=3057"}],"curies":[{"name":"wp","href":"https:\/\/api.w.org\/{rel}","templated":true}]}}